{"id":8,"date":"2010-10-26T20:11:30","date_gmt":"2010-10-26T20:11:30","guid":{"rendered":"https:\/\/grup-maig.cat\/?page_id=8"},"modified":"2018-01-17T00:59:15","modified_gmt":"2018-01-17T00:59:15","slug":"xiroia","status":"publish","type":"page","link":"https:\/\/grup-maig.cat\/?page_id=8","title":{"rendered":"X\u00e0ldiga"},"content":{"rendered":"<p>La <strong>X\u00e0ldiga<\/strong>\u00a0es funda l&#8217;any 1993 com a colla juvenil del <strong>Grup Sardanista Maig<\/strong>. Des de l&#8217;any 2013 competeix a la categoria gran. Est\u00e0 formada per dansaires joves d&#8217;edats compreses entre els 17 i 30 anys que procuren mantenir viu l\u2019esperit sardanista apropant-lo als nostres dies.<\/p>\n<p>Alguns dels \u00e8xits assolits als <strong>Campionats de Catalunya<\/strong> a la categoria juvenil: campiona llu\u00efment 1993, 2011, 2012; colla completa 2011 i 2012. A la categoria gran destaca el 3r lloc de llu\u00efment 2014 i 2015, Campiona de Punts lliures 2015 i subcampiona 2016.<\/p>\n<p>L&#8217;especialitat m\u00e9s peculiar de la colla \u00e9s la <strong>sardana a\u00e8ria<\/strong>. Un grup de 8 balladors suspesos en l&#8217;aire recreen figures i coreografien una sardana. Alguns dels llocs on s&#8217;ha realitzat s\u00f3n Budapest, Portugal, Barcelona, Arenys de Munt o Taradell.<\/p>\n<p>Destaca l&#8217;<strong>actuaci\u00f3<\/strong> de la colla en actes com l&#8217;<strong>Aplec Internacional<\/strong> des del 2012 al 2017, la ballada amb el grup &#8220;La Carrau&#8221; a les Festes de la Merc\u00e8 de Barcelona 2012, la participaci\u00f3 a la inauguraci\u00f3 de la Capital de la Sardana 2013 i 2014, exhibicions al cicle Festa Catalana de Barcelona, les Jornades Internacionals Folkl\u00f2riques de Catalunya o b\u00e9 la ballada sota les espurnes dels Diables de Sant Andreu.<\/p>\n<p>M\u00e9s enll\u00e0 de la tasca sardan\u00edstica com a colla de competici\u00f3, que exigeix esfor\u00e7 i dedicaci\u00f3, no oblidem l\u2019<strong>eix principal<\/strong> de la nostra exist\u00e8ncia, gaudir al m\u00e0xim amb companyes i companys que esdevenen amics en el cam\u00ed del dia a dia. Des dels seus inicis aplega una colla de joves oferint-los un bon ambient de salut, esfor\u00e7, treball en equip i disciplina.<\/p>\n<p><strong>Categoria<\/strong>: Gran<\/p>\n<p><strong>Competici\u00f3<\/strong>: Territorial de Barcelona Ciutat i Campionat de Catalunya de Llu\u00efment, Punts lliures i Revesses.<\/p>\n<p><strong>Fundaci\u00f3<\/strong>: 1993<\/p>\n<p><strong>Capdansers<\/strong>: Laura Figuerola, Montserrat Mu\u00f1oz i Enric Capdevila<\/p>\n<p><strong>Vestuari<\/strong>:<\/p>\n<p><em>1a equipaci\u00f3<\/em><\/p>\n<p>Nois (camisa negra, pantal\u00f3 negre, espardenyes vermelles i faixa vermella)<\/p>\n<p>Noies (samarreta negra, faldilla emmidonada blanca, espardenyes negres i cintur\u00f3 vermell)<\/p>\n<p><em>2a equipaci\u00f3<\/em><\/p>\n<p>Nois (camisa vermella, pantal\u00f3 negre, espardenyes blanques)<\/p>\n<p>Noies (samarreta vermella, faldilla blanca, espardenyes negres i cintur\u00f3 negre)<\/p>\n<p>&nbsp;<\/p>\n<div class=\"tiled-gallery type-rectangular tiled-gallery-unresized\" data-original-width=\"500\" data-carousel-extra='{&quot;blog_id&quot;:1,&quot;permalink&quot;:&quot;https:\\\/\\\/grup-maig.cat\\\/?page_id=8&quot;,&quot;likes_blog_id&quot;:17239205}' itemscope itemtype=\"http:\/\/schema.org\/ImageGallery\" > <div class=\"gallery-row\" style=\"width: 500px; height: 217px;\" data-original-width=\"500\" data-original-height=\"217\" > <div class=\"gallery-group images-1\" style=\"width: 339px; height: 217px;\" data-original-width=\"339\" data-original-height=\"217\" > <div class=\"tiled-gallery-item tiled-gallery-item-large\" itemprop=\"associatedMedia\" itemscope itemtype=\"http:\/\/schema.org\/ImageObject\"> <a href=\"https:\/\/grup-maig.cat\/?attachment_id=4458\" border=\"0\" itemprop=\"url\"> <meta itemprop=\"width\" content=\"335\"> <meta itemprop=\"height\" content=\"213\"> <img decoding=\"async\" class=\"\" data-attachment-id=\"4458\" data-orig-file=\"https:\/\/grup-maig.cat\/wp-content\/uploads\/2010\/10\/1993-Colla-X\u00e0ldiga-Reus.jpg\" data-orig-size=\"1847,1175\" data-comments-opened=\"1\" data-image-meta=\"{&quot;aperture&quot;:&quot;0&quot;,&quot;credit&quot;:&quot;&quot;,&quot;camera&quot;:&quot;&quot;,&quot;caption&quot;:&quot;&quot;,&quot;created_timestamp&quot;:&quot;0&quot;,&quot;copyright&quot;:&quot;&quot;,&quot;focal_length&quot;:&quot;0&quot;,&quot;iso&quot;:&quot;0&quot;,&quot;shutter_speed&quot;:&quot;0&quot;,&quot;title&quot;:&quot;&quot;,&quot;orientation&quot;:&quot;1&quot;}\" data-image-title=\"1993 Colla X\u00e0ldiga (Reus)\" data-image-description=\"\" data-medium-file=\"https:\/\/grup-maig.cat\/wp-content\/uploads\/2010\/10\/1993-Colla-X\u00e0ldiga-Reus-300x190.jpg\" data-large-file=\"https:\/\/grup-maig.cat\/wp-content\/uploads\/2010\/10\/1993-Colla-X\u00e0ldiga-Reus-1024x651.jpg\" src=\"https:\/\/i0.wp.com\/grup-maig.cat\/wp-content\/uploads\/2010\/10\/1993-Colla-X%C3%A0ldiga-Reus.jpg?w=335&#038;h=213&#038;ssl=1\" width=\"335\" height=\"213\" loading=\"lazy\" data-original-width=\"335\" data-original-height=\"213\" itemprop=\"http:\/\/schema.org\/image\" title=\"1993 Colla X\u00e0ldiga (Reus)\" alt=\"1993 Colla X\u00e0ldiga (Reus)\" style=\"width: 335px; height: 213px;\" \/> <\/a> <\/div> <\/div> <!-- close group --> <div class=\"gallery-group images-2\" style=\"width: 161px; height: 217px;\" data-original-width=\"161\" data-original-height=\"217\" > <div class=\"tiled-gallery-item tiled-gallery-item-small\" itemprop=\"associatedMedia\" itemscope itemtype=\"http:\/\/schema.org\/ImageObject\"> <a href=\"https:\/\/grup-maig.cat\/?attachment_id=5213\" border=\"0\" itemprop=\"url\"> <meta itemprop=\"width\" content=\"157\"> <meta itemprop=\"height\" content=\"105\"> <img decoding=\"async\" class=\"\" data-attachment-id=\"5213\" data-orig-file=\"https:\/\/grup-maig.cat\/wp-content\/uploads\/2017\/09\/TARRAGONA1.jpg\" data-orig-size=\"2048,1374\" data-comments-opened=\"1\" data-image-meta=\"{&quot;aperture&quot;:&quot;0&quot;,&quot;credit&quot;:&quot;&quot;,&quot;camera&quot;:&quot;&quot;,&quot;caption&quot;:&quot;&quot;,&quot;created_timestamp&quot;:&quot;0&quot;,&quot;copyright&quot;:&quot;&quot;,&quot;focal_length&quot;:&quot;0&quot;,&quot;iso&quot;:&quot;0&quot;,&quot;shutter_speed&quot;:&quot;0&quot;,&quot;title&quot;:&quot;&quot;,&quot;orientation&quot;:&quot;0&quot;}\" data-image-title=\"TARRAGONA1\" data-image-description=\"\" data-medium-file=\"https:\/\/grup-maig.cat\/wp-content\/uploads\/2017\/09\/TARRAGONA1-300x201.jpg\" data-large-file=\"https:\/\/grup-maig.cat\/wp-content\/uploads\/2017\/09\/TARRAGONA1-1024x687.jpg\" src=\"https:\/\/i0.wp.com\/grup-maig.cat\/wp-content\/uploads\/2017\/09\/TARRAGONA1.jpg?w=157&#038;h=105&#038;ssl=1\" srcset=\"https:\/\/grup-maig.cat\/wp-content\/uploads\/2017\/09\/TARRAGONA1.jpg 2048w, https:\/\/grup-maig.cat\/wp-content\/uploads\/2017\/09\/TARRAGONA1-300x201.jpg 300w, https:\/\/grup-maig.cat\/wp-content\/uploads\/2017\/09\/TARRAGONA1-768x515.jpg 768w, https:\/\/grup-maig.cat\/wp-content\/uploads\/2017\/09\/TARRAGONA1-1024x687.jpg 1024w, https:\/\/grup-maig.cat\/wp-content\/uploads\/2017\/09\/TARRAGONA1-150x101.jpg 150w, https:\/\/grup-maig.cat\/wp-content\/uploads\/2017\/09\/TARRAGONA1-400x268.jpg 400w\" width=\"157\" height=\"105\" loading=\"lazy\" data-original-width=\"157\" data-original-height=\"105\" itemprop=\"http:\/\/schema.org\/image\" title=\"TARRAGONA1\" alt=\"TARRAGONA1\" style=\"width: 157px; height: 105px;\" \/> <\/a> <\/div> <div class=\"tiled-gallery-item tiled-gallery-item-small\" itemprop=\"associatedMedia\" itemscope itemtype=\"http:\/\/schema.org\/ImageObject\"> <a href=\"https:\/\/grup-maig.cat\/?attachment_id=4533\" border=\"0\" itemprop=\"url\"> <meta itemprop=\"width\" content=\"157\"> <meta itemprop=\"height\" content=\"104\"> <img decoding=\"async\" class=\"\" data-attachment-id=\"4533\" data-orig-file=\"https:\/\/grup-maig.cat\/wp-content\/uploads\/2016\/07\/13580638_858898297576548_3921367833436312056_o.jpg\" data-orig-size=\"1296,864\" data-comments-opened=\"1\" data-image-meta=\"{&quot;aperture&quot;:&quot;0&quot;,&quot;credit&quot;:&quot;&quot;,&quot;camera&quot;:&quot;&quot;,&quot;caption&quot;:&quot;&quot;,&quot;created_timestamp&quot;:&quot;0&quot;,&quot;copyright&quot;:&quot;&quot;,&quot;focal_length&quot;:&quot;0&quot;,&quot;iso&quot;:&quot;0&quot;,&quot;shutter_speed&quot;:&quot;0&quot;,&quot;title&quot;:&quot;&quot;,&quot;orientation&quot;:&quot;0&quot;}\" data-image-title=\"13580638_858898297576548_3921367833436312056_o\" data-image-description=\"\" data-medium-file=\"https:\/\/grup-maig.cat\/wp-content\/uploads\/2016\/07\/13580638_858898297576548_3921367833436312056_o-300x200.jpg\" data-large-file=\"https:\/\/grup-maig.cat\/wp-content\/uploads\/2016\/07\/13580638_858898297576548_3921367833436312056_o-1024x682.jpg\" src=\"https:\/\/i0.wp.com\/grup-maig.cat\/wp-content\/uploads\/2016\/07\/13580638_858898297576548_3921367833436312056_o.jpg?w=157&#038;h=104&#038;ssl=1\" srcset=\"https:\/\/grup-maig.cat\/wp-content\/uploads\/2016\/07\/13580638_858898297576548_3921367833436312056_o.jpg 1296w, https:\/\/grup-maig.cat\/wp-content\/uploads\/2016\/07\/13580638_858898297576548_3921367833436312056_o-300x200.jpg 300w, https:\/\/grup-maig.cat\/wp-content\/uploads\/2016\/07\/13580638_858898297576548_3921367833436312056_o-1024x682.jpg 1024w, https:\/\/grup-maig.cat\/wp-content\/uploads\/2016\/07\/13580638_858898297576548_3921367833436312056_o-150x100.jpg 150w, https:\/\/grup-maig.cat\/wp-content\/uploads\/2016\/07\/13580638_858898297576548_3921367833436312056_o-400x266.jpg 400w\" width=\"157\" height=\"104\" loading=\"lazy\" data-original-width=\"157\" data-original-height=\"104\" itemprop=\"http:\/\/schema.org\/image\" title=\"13580638_858898297576548_3921367833436312056_o\" alt=\"13580638_858898297576548_3921367833436312056_o\" style=\"width: 157px; height: 104px;\" \/> <\/a> <\/div> <\/div> <!-- close group --> <\/div> <!-- close row --> <div class=\"gallery-row\" style=\"width: 500px; height: 233px;\" data-original-width=\"500\" data-original-height=\"233\" > <div class=\"gallery-group images-2\" style=\"width: 154px; height: 233px;\" data-original-width=\"154\" data-original-height=\"233\" > <div class=\"tiled-gallery-item tiled-gallery-item-small\" itemprop=\"associatedMedia\" itemscope itemtype=\"http:\/\/schema.org\/ImageObject\"> <a href=\"https:\/\/grup-maig.cat\/?attachment_id=5037\" border=\"0\" itemprop=\"url\"> <meta itemprop=\"width\" content=\"150\"> <meta itemprop=\"height\" content=\"113\"> <img decoding=\"async\" class=\"\" data-attachment-id=\"5037\" data-orig-file=\"https:\/\/grup-maig.cat\/wp-content\/uploads\/2017\/06\/IMG-20170612-WA0001.jpg\" data-orig-size=\"960,720\" data-comments-opened=\"1\" data-image-meta=\"{&quot;aperture&quot;:&quot;0&quot;,&quot;credit&quot;:&quot;&quot;,&quot;camera&quot;:&quot;&quot;,&quot;caption&quot;:&quot;&quot;,&quot;created_timestamp&quot;:&quot;0&quot;,&quot;copyright&quot;:&quot;&quot;,&quot;focal_length&quot;:&quot;0&quot;,&quot;iso&quot;:&quot;0&quot;,&quot;shutter_speed&quot;:&quot;0&quot;,&quot;title&quot;:&quot;&quot;,&quot;orientation&quot;:&quot;0&quot;}\" data-image-title=\"IMG-20170612-WA0001\" data-image-description=\"\" data-medium-file=\"https:\/\/grup-maig.cat\/wp-content\/uploads\/2017\/06\/IMG-20170612-WA0001-300x225.jpg\" data-large-file=\"https:\/\/grup-maig.cat\/wp-content\/uploads\/2017\/06\/IMG-20170612-WA0001.jpg\" src=\"https:\/\/i0.wp.com\/grup-maig.cat\/wp-content\/uploads\/2017\/06\/IMG-20170612-WA0001.jpg?w=150&#038;h=113&#038;ssl=1\" srcset=\"https:\/\/grup-maig.cat\/wp-content\/uploads\/2017\/06\/IMG-20170612-WA0001.jpg 960w, https:\/\/grup-maig.cat\/wp-content\/uploads\/2017\/06\/IMG-20170612-WA0001-300x225.jpg 300w, https:\/\/grup-maig.cat\/wp-content\/uploads\/2017\/06\/IMG-20170612-WA0001-768x576.jpg 768w, https:\/\/grup-maig.cat\/wp-content\/uploads\/2017\/06\/IMG-20170612-WA0001-150x113.jpg 150w, https:\/\/grup-maig.cat\/wp-content\/uploads\/2017\/06\/IMG-20170612-WA0001-400x300.jpg 400w\" width=\"150\" height=\"113\" loading=\"lazy\" data-original-width=\"150\" data-original-height=\"113\" itemprop=\"http:\/\/schema.org\/image\" title=\"IMG-20170612-WA0001\" alt=\"IMG-20170612-WA0001\" style=\"width: 150px; height: 113px;\" \/> <\/a> <\/div> <div class=\"tiled-gallery-item tiled-gallery-item-small\" itemprop=\"associatedMedia\" itemscope itemtype=\"http:\/\/schema.org\/ImageObject\"> <a href=\"https:\/\/grup-maig.cat\/?attachment_id=3379\" border=\"0\" itemprop=\"url\"> <meta itemprop=\"width\" content=\"150\"> <meta itemprop=\"height\" content=\"112\"> <img decoding=\"async\" class=\"\" data-attachment-id=\"3379\" data-orig-file=\"https:\/\/grup-maig.cat\/wp-content\/uploads\/2014\/07\/Ceret6.jpg\" data-orig-size=\"800,600\" data-comments-opened=\"1\" data-image-meta=\"{&quot;aperture&quot;:&quot;3.5&quot;,&quot;credit&quot;:&quot;&quot;,&quot;camera&quot;:&quot;Canon PowerShot G12&quot;,&quot;caption&quot;:&quot;&quot;,&quot;created_timestamp&quot;:&quot;1405808616&quot;,&quot;copyright&quot;:&quot;&quot;,&quot;focal_length&quot;:&quot;6.1&quot;,&quot;iso&quot;:&quot;640&quot;,&quot;shutter_speed&quot;:&quot;0.016666666666667&quot;,&quot;title&quot;:&quot;&quot;}\" data-image-title=\"Ceret6\" data-image-description=\"\" data-medium-file=\"https:\/\/grup-maig.cat\/wp-content\/uploads\/2014\/07\/Ceret6-300x225.jpg\" data-large-file=\"https:\/\/grup-maig.cat\/wp-content\/uploads\/2014\/07\/Ceret6.jpg\" src=\"https:\/\/i0.wp.com\/grup-maig.cat\/wp-content\/uploads\/2014\/07\/Ceret6.jpg?w=150&#038;h=112&#038;ssl=1\" srcset=\"https:\/\/grup-maig.cat\/wp-content\/uploads\/2014\/07\/Ceret6.jpg 800w, https:\/\/grup-maig.cat\/wp-content\/uploads\/2014\/07\/Ceret6-300x225.jpg 300w, https:\/\/grup-maig.cat\/wp-content\/uploads\/2014\/07\/Ceret6-150x112.jpg 150w, https:\/\/grup-maig.cat\/wp-content\/uploads\/2014\/07\/Ceret6-400x300.jpg 400w\" width=\"150\" height=\"112\" loading=\"lazy\" data-original-width=\"150\" data-original-height=\"112\" itemprop=\"http:\/\/schema.org\/image\" title=\"Ceret6\" alt=\"Ceret6\" style=\"width: 150px; height: 112px;\" \/> <\/a> <\/div> <\/div> <!-- close group --> <div class=\"gallery-group images-1\" style=\"width: 346px; height: 233px;\" data-original-width=\"346\" data-original-height=\"233\" > <div class=\"tiled-gallery-item tiled-gallery-item-large\" itemprop=\"associatedMedia\" itemscope itemtype=\"http:\/\/schema.org\/ImageObject\"> <a href=\"https:\/\/grup-maig.cat\/?attachment_id=5264\" border=\"0\" itemprop=\"url\"> <meta itemprop=\"width\" content=\"342\"> <meta itemprop=\"height\" content=\"229\"> <img decoding=\"async\" class=\"\" data-attachment-id=\"5264\" data-orig-file=\"https:\/\/grup-maig.cat\/wp-content\/uploads\/2017\/10\/MANLLEU1.jpg\" data-orig-size=\"2048,1374\" data-comments-opened=\"1\" data-image-meta=\"{&quot;aperture&quot;:&quot;0&quot;,&quot;credit&quot;:&quot;&quot;,&quot;camera&quot;:&quot;&quot;,&quot;caption&quot;:&quot;&quot;,&quot;created_timestamp&quot;:&quot;0&quot;,&quot;copyright&quot;:&quot;&quot;,&quot;focal_length&quot;:&quot;0&quot;,&quot;iso&quot;:&quot;0&quot;,&quot;shutter_speed&quot;:&quot;0&quot;,&quot;title&quot;:&quot;&quot;,&quot;orientation&quot;:&quot;0&quot;}\" data-image-title=\"MANLLEU1\" data-image-description=\"\" data-medium-file=\"https:\/\/grup-maig.cat\/wp-content\/uploads\/2017\/10\/MANLLEU1-300x201.jpg\" data-large-file=\"https:\/\/grup-maig.cat\/wp-content\/uploads\/2017\/10\/MANLLEU1-1024x687.jpg\" src=\"https:\/\/i0.wp.com\/grup-maig.cat\/wp-content\/uploads\/2017\/10\/MANLLEU1.jpg?w=342&#038;h=229&#038;ssl=1\" srcset=\"https:\/\/grup-maig.cat\/wp-content\/uploads\/2017\/10\/MANLLEU1.jpg 2048w, https:\/\/grup-maig.cat\/wp-content\/uploads\/2017\/10\/MANLLEU1-300x201.jpg 300w, https:\/\/grup-maig.cat\/wp-content\/uploads\/2017\/10\/MANLLEU1-768x515.jpg 768w, https:\/\/grup-maig.cat\/wp-content\/uploads\/2017\/10\/MANLLEU1-1024x687.jpg 1024w, https:\/\/grup-maig.cat\/wp-content\/uploads\/2017\/10\/MANLLEU1-150x101.jpg 150w, https:\/\/grup-maig.cat\/wp-content\/uploads\/2017\/10\/MANLLEU1-400x268.jpg 400w\" width=\"342\" height=\"229\" loading=\"lazy\" data-original-width=\"342\" data-original-height=\"229\" itemprop=\"http:\/\/schema.org\/image\" title=\"MANLLEU1\" alt=\"MANLLEU1\" style=\"width: 342px; height: 229px;\" \/> <\/a> <\/div> <\/div> <!-- close group --> <\/div> <!-- close row --> <\/div>\n<p>&nbsp;<\/p>\n","protected":false},"excerpt":{"rendered":"<p>La X\u00e0ldiga\u00a0es funda l&#8217;any 1993 com a colla juvenil del Grup Sardanista Maig. Des de l&#8217;any 2013 competeix a la categoria gran. Est\u00e0 formada per dansaires joves d&#8217;edats compreses entre els 17 i 30 anys que procuren mantenir viu l\u2019esperit sardanista apropant-lo als nostres dies. Alguns dels \u00e8xits assolits als Campionats de Catalunya a la [&hellip;]<\/p>\n","protected":false},"author":1,"featured_media":0,"parent":2,"menu_order":3,"comment_status":"open","ping_status":"open","template":"","meta":{"footnotes":""},"class_list":["post-8","page","type-page","status-publish","hentry"],"jetpack_sharing_enabled":true,"jetpack_shortlink":"https:\/\/wp.me\/P1akHH-8","_links":{"self":[{"href":"https:\/\/grup-maig.cat\/index.php?rest_route=\/wp\/v2\/pages\/8","targetHints":{"allow":["GET"]}}],"collection":[{"href":"https:\/\/grup-maig.cat\/index.php?rest_route=\/wp\/v2\/pages"}],"about":[{"href":"https:\/\/grup-maig.cat\/index.php?rest_route=\/wp\/v2\/types\/page"}],"author":[{"embeddable":true,"href":"https:\/\/grup-maig.cat\/index.php?rest_route=\/wp\/v2\/users\/1"}],"replies":[{"embeddable":true,"href":"https:\/\/grup-maig.cat\/index.php?rest_route=%2Fwp%2Fv2%2Fcomments&post=8"}],"version-history":[{"count":29,"href":"https:\/\/grup-maig.cat\/index.php?rest_route=\/wp\/v2\/pages\/8\/revisions"}],"predecessor-version":[{"id":5418,"href":"https:\/\/grup-maig.cat\/index.php?rest_route=\/wp\/v2\/pages\/8\/revisions\/5418"}],"up":[{"embeddable":true,"href":"https:\/\/grup-maig.cat\/index.php?rest_route=\/wp\/v2\/pages\/2"}],"wp:attachment":[{"href":"https:\/\/grup-maig.cat\/index.php?rest_route=%2Fwp%2Fv2%2Fmedia&parent=8"}],"curies":[{"name":"wp","href":"https:\/\/api.w.org\/{rel}","templated":true}]}}