{"id":6306,"date":"2019-05-08T19:46:01","date_gmt":"2019-05-08T19:46:01","guid":{"rendered":"https:\/\/grup-maig.cat\/?page_id=6306"},"modified":"2022-05-12T20:05:49","modified_gmt":"2022-05-12T20:05:49","slug":"sardanes-dedicades","status":"publish","type":"page","link":"https:\/\/grup-maig.cat\/?page_id=6306","title":{"rendered":"Sardanes dedicades"},"content":{"rendered":"<p>&nbsp;<\/p>\n<table>\n<tbody>\n<tr>\n<td><b>T\u00edtol<\/b><\/td>\n<td><b>Compositor<\/b><\/td>\n<td><b>Tiratge<\/b><\/td>\n<td><b>Any<\/b><\/td>\n<\/tr>\n<tr>\n<td><span style=\"font-weight: 400;\">Colla Maig<\/span><\/td>\n<td><span style=\"font-weight: 400;\">Agust\u00ed Bl\u00e0zquez i Villalba<\/span><\/td>\n<td><span style=\"font-weight: 400;\">39&#215;71, s43<\/span><\/td>\n<td><span style=\"font-weight: 400;\">1973<\/span><\/td>\n<\/tr>\n<tr>\n<td><span style=\"font-weight: 400;\">Colla Maig<\/span><\/td>\n<td><span style=\"font-weight: 400;\">Tom\u00e0s Gil i Membrado<\/span><\/td>\n<td><span style=\"font-weight: 400;\">37&#215;91, s72<\/span><\/td>\n<td><span style=\"font-weight: 400;\">1985<\/span><\/td>\n<\/tr>\n<tr>\n<td><span style=\"font-weight: 400;\">X\u00e0ldiga<\/span><\/td>\n<td><span style=\"font-weight: 400;\">Tom\u00e0s Gil i Membrado<\/span><\/td>\n<td><span style=\"font-weight: 400;\">33&#215;81, s66<\/span><\/td>\n<td><span style=\"font-weight: 400;\">1997<\/span><\/td>\n<\/tr>\n<tr>\n<td><span style=\"font-weight: 400;\">Colla Xiroia<\/span><\/td>\n<td><span style=\"font-weight: 400;\">Josep Clav\u00e9 i Bullich<\/span><\/td>\n<td><span style=\"font-weight: 400;\">29&#215;70, s67<\/span><\/td>\n<td>1999<\/td>\n<\/tr>\n<tr>\n<td><span style=\"font-weight: 400;\">Cantarella amorosa<\/span><\/td>\n<td><span style=\"font-weight: 400;\">Tom\u00e0s Gil i Membrado<\/span><\/td>\n<td><span style=\"font-weight: 400;\">29&#215;69, s53<\/span><\/td>\n<td><span style=\"font-weight: 400;\">2001<\/span><\/td>\n<\/tr>\n<tr>\n<td><span style=\"font-weight: 400;\">La Montserrat i la Xiroia<\/span><\/td>\n<td><span style=\"font-weight: 400;\">Frederic Guisset i Fontourci<\/span><\/td>\n<td><span style=\"font-weight: 400;\">31&#215;87, s76<\/span><\/td>\n<td><span style=\"font-weight: 400;\">2002<\/span><\/td>\n<\/tr>\n<tr>\n<td><span style=\"font-weight: 400;\">Dansaires de Maig<\/span><\/td>\n<td><span style=\"font-weight: 400;\">Josep Clav\u00e9 i Bullich<\/span><\/td>\n<td><span style=\"font-weight: 400;\">\u00a037&#215;81, s66<\/span><\/td>\n<td>2004<\/td>\n<\/tr>\n<tr>\n<td>Maig 1965<\/td>\n<td><span style=\"font-weight: 400;\">Josep Clav\u00e9 i Bullich<\/span><\/td>\n<td>33&#215;75, s59<\/td>\n<td>2005<\/td>\n<\/tr>\n<tr>\n<td>25 anys de Xiroia<\/td>\n<td><span style=\"font-weight: 400;\">Daniel Gasulla i Porta<\/span><\/td>\n<td>29&#215;83, s70<\/td>\n<td><span style=\"font-weight: 400;\">2007<\/span><\/td>\n<\/tr>\n<tr>\n<td>La Tere de la Xiroia<\/td>\n<td>Josep Clav\u00e9 i Bullich<\/td>\n<td>31&#215;85, s65<\/td>\n<td><span style=\"font-weight: 400;\">2008<\/span><\/td>\n<\/tr>\n<tr>\n<td><span style=\"font-weight: 400;\">Colla X\u00e0ldiga<\/span><\/td>\n<td><span style=\"font-weight: 400;\">Carles Santiago i Roig<\/span><\/td>\n<td><span style=\"font-weight: 400;\">25&#215;87, s66<\/span><\/td>\n<td><span style=\"font-weight: 400;\">2012<\/span><\/td>\n<\/tr>\n<tr>\n<td><span style=\"font-weight: 400;\">Somnis de colors<\/span><\/td>\n<td><span style=\"font-weight: 400;\">Alfred Abad i Gascon<\/span><\/td>\n<td><span style=\"font-weight: 400;\">34&#215;77, s62<\/span><\/td>\n<td><span style=\"font-weight: 400;\">2013<\/span><\/td>\n<\/tr>\n<tr>\n<td><span style=\"font-weight: 400;\">Maig 50<\/span><\/td>\n<td><span style=\"font-weight: 400;\">Jordi Paul\u00ed i Safont<\/span><\/td>\n<td><span style=\"font-weight: 400;\">27&#215;69, s54<\/span><\/td>\n<td><span style=\"font-weight: 400;\">2015<\/span><\/td>\n<\/tr>\n<tr>\n<td><span style=\"font-weight: 400;\">50.60.70@Ceret<\/span><\/td>\n<td><span style=\"font-weight: 400;\">Ren\u00e9 Picamal i Coma<\/span><\/td>\n<td><span style=\"font-weight: 400;\">47&#215;96, s72<\/span><\/td>\n<td><span style=\"font-weight: 400;\">2015<\/span><\/td>\n<\/tr>\n<tr>\n<td><span style=\"font-weight: 400;\">X\u00e0ldigues<\/span><\/td>\n<td><span style=\"font-weight: 400;\">Jes\u00fas Ventura i Barnet<\/span><\/td>\n<td><span style=\"font-weight: 400;\">31&#215;81, s65<\/span><\/td>\n<td><span style=\"font-weight: 400;\">2018<\/span><\/td>\n<\/tr>\n<tr>\n<td>\u00a0La Lira, segle i mig<\/td>\n<td>\u00a0Carles Santiago i Roig<\/td>\n<td><\/td>\n<td>\u00a02020<\/td>\n<\/tr>\n<\/tbody>\n<\/table>\n<hr \/>\n<p style=\"text-align: center;\"><strong>ENREGISTRAMENTS<\/strong><\/p>\n<p><iframe title=\"Spotify Embed: 40 Grup Sardanista Maig\" style=\"border-radius: 12px\" width=\"100%\" height=\"352\" frameborder=\"0\" allowfullscreen allow=\"autoplay; clipboard-write; encrypted-media; fullscreen; picture-in-picture\" loading=\"lazy\" src=\"https:\/\/open.spotify.com\/embed\/album\/5TT1V7BRCDKfzDeBEOhoP5?si=36fL-iN-QQKbG4HEcSgtyQ&#038;utm_source=oembed\"><\/iframe><\/p>\n<p>&nbsp;<\/p>\n<p>A continuaci\u00f3 podeu <strong>escoltar<\/strong> algunes de les peces dedicades a les nostres colles.<\/p>\n<p><strong>1. Colla Maig &#8211; Tom\u00e0s Gil &#8211; Cobla Mediterr\u00e0nia<\/strong><br \/>\n<em>Dedicada en motiu dels 20 anys de la Colla Sardanista Maig<\/em><br \/>\nGravaci\u00f3: LP 15\u00e8 La Sardana de l&#8217;Any (1987)<\/p>\n<audio class=\"wp-audio-shortcode\" id=\"audio-6306-1\" preload=\"none\" style=\"width: 100%;\" controls=\"controls\"><source type=\"audio\/mpeg\" src=\"https:\/\/grup-maig.cat\/wp-content\/uploads\/2019\/05\/Gil-i-Membrado-Tom\u00e0s-COLLA-MAIG-Cobla-Mediterr\u00e0nia.mp3?_=1\" \/><a href=\"https:\/\/grup-maig.cat\/wp-content\/uploads\/2019\/05\/Gil-i-Membrado-Tom\u00e0s-COLLA-MAIG-Cobla-Mediterr\u00e0nia.mp3\">https:\/\/grup-maig.cat\/wp-content\/uploads\/2019\/05\/Gil-i-Membrado-Tom\u00e0s-COLLA-MAIG-Cobla-Mediterr\u00e0nia.mp3<\/a><\/audio>\n<hr \/>\n<p><strong>2. Colla Xiroia &#8211; Josep Clav\u00e9 &#8211; Cobla Marinada<\/strong><br \/>\n<em>Dedicada a la Colla Sardanista Xiroia<\/em><br \/>\nGravaci\u00f3: CD 40 anys Grup Sardanista Maig (2005)<\/p>\n<audio class=\"wp-audio-shortcode\" id=\"audio-6306-2\" preload=\"none\" style=\"width: 100%;\" controls=\"controls\"><source type=\"audio\/mpeg\" src=\"https:\/\/grup-maig.cat\/wp-content\/uploads\/2019\/05\/Clav\u00e9-i-Bullich-Josep-COLLA-XIROIA.mp3?_=2\" \/><a href=\"https:\/\/grup-maig.cat\/wp-content\/uploads\/2019\/05\/Clav\u00e9-i-Bullich-Josep-COLLA-XIROIA.mp3\">https:\/\/grup-maig.cat\/wp-content\/uploads\/2019\/05\/Clav\u00e9-i-Bullich-Josep-COLLA-XIROIA.mp3<\/a><\/audio>\n<hr \/>\n<p><strong>3. Colla X\u00e0ldiga &#8211; Carles Santiago &#8211; Cobla La Principal del Llobregat<\/strong><br \/>\n<em>Dedicada en motiu dels 20 anys de la Colla Sardanista X\u00e0ldiga<\/em><br \/>\nGravaci\u00f3: Eliminat\u00f2ries La Sardana de l&#8217;Any (2013)<\/p>\n<audio class=\"wp-audio-shortcode\" id=\"audio-6306-3\" preload=\"none\" style=\"width: 100%;\" controls=\"controls\"><source type=\"audio\/mpeg\" src=\"https:\/\/grup-maig.cat\/wp-content\/uploads\/2019\/05\/Santiago-i-Roig-Carles-COLLA-X\u00c0LDIGA.mp3?_=3\" \/><a href=\"https:\/\/grup-maig.cat\/wp-content\/uploads\/2019\/05\/Santiago-i-Roig-Carles-COLLA-X\u00c0LDIGA.mp3\">https:\/\/grup-maig.cat\/wp-content\/uploads\/2019\/05\/Santiago-i-Roig-Carles-COLLA-X\u00c0LDIGA.mp3<\/a><\/audio>\n<hr \/>\n<p><strong>4. Dansaires de Maig &#8211; Josep Clav\u00e9 &#8211; Cobla Marinada<\/strong><br \/>\n<em>Dedicada a la Colla Sardanista Dansaires de Maig<\/em><br \/>\nGravaci\u00f3: CD 40 anys Grup Sardanista Maig (2005)<\/p>\n<audio class=\"wp-audio-shortcode\" id=\"audio-6306-4\" preload=\"none\" style=\"width: 100%;\" controls=\"controls\"><source type=\"audio\/mpeg\" src=\"https:\/\/grup-maig.cat\/wp-content\/uploads\/2019\/05\/Clav\u00e9-i-Bullich-Josep-DANSAIRES-DE-MAIG.mp3?_=4\" \/><a href=\"https:\/\/grup-maig.cat\/wp-content\/uploads\/2019\/05\/Clav\u00e9-i-Bullich-Josep-DANSAIRES-DE-MAIG.mp3\">https:\/\/grup-maig.cat\/wp-content\/uploads\/2019\/05\/Clav\u00e9-i-Bullich-Josep-DANSAIRES-DE-MAIG.mp3<\/a><\/audio>\n<hr \/>\n<p><strong>5. 25 anys de Xiroia &#8211; Daniel Gasulla &#8211; Cobla Contempor\u00e0nia<\/strong><br \/>\n<em>Dedicada als 25 anys de la Colla Sardanista Xiroia<\/em><br \/>\nGravaci\u00f3: CD Fent Amics 1 (2010)<\/p>\n<audio class=\"wp-audio-shortcode\" id=\"audio-6306-5\" preload=\"none\" style=\"width: 100%;\" controls=\"controls\"><source type=\"audio\/mpeg\" src=\"https:\/\/grup-maig.cat\/wp-content\/uploads\/2019\/05\/Gasulla-i-Porta-Daniel-25-ANYS-DE-XIROIA-web.mp3?_=5\" \/><a href=\"https:\/\/grup-maig.cat\/wp-content\/uploads\/2019\/05\/Gasulla-i-Porta-Daniel-25-ANYS-DE-XIROIA-web.mp3\">https:\/\/grup-maig.cat\/wp-content\/uploads\/2019\/05\/Gasulla-i-Porta-Daniel-25-ANYS-DE-XIROIA-web.mp3<\/a><\/audio>\n<hr \/>\n<p><strong>6. X\u00e0ldigues &#8211; Jes\u00fas Ventura &#8211; Cobla Ciutat de Terrassa<\/strong><br \/>\n<em>Dedicada en motiu dels 25 anys de la Colla Sardanista X\u00e0ldiga<\/em><br \/>\nGravaci\u00f3: En directe (2018)<\/p>\n<audio class=\"wp-audio-shortcode\" id=\"audio-6306-6\" preload=\"none\" style=\"width: 100%;\" controls=\"controls\"><source type=\"audio\/mpeg\" src=\"https:\/\/grup-maig.cat\/wp-content\/uploads\/2019\/05\/Ventura-i-Barnet-Jes\u00fas-X\u00c0LDIGUES.mp3?_=6\" \/><a href=\"https:\/\/grup-maig.cat\/wp-content\/uploads\/2019\/05\/Ventura-i-Barnet-Jes\u00fas-X\u00c0LDIGUES.mp3\">https:\/\/grup-maig.cat\/wp-content\/uploads\/2019\/05\/Ventura-i-Barnet-Jes\u00fas-X\u00c0LDIGUES.mp3<\/a><\/audio>\n<hr \/>\n<p><strong>7. M@ig 50 &#8211; Jordi Paul\u00ed &#8211; Cobla Sant Jordi<\/strong><br \/>\n<em>Dedicada en motiu dels 50 anys del Grup Sardanista Maig<\/em><br \/>\nGravaci\u00f3: En directe (2015)<\/p>\n<audio class=\"wp-audio-shortcode\" id=\"audio-6306-7\" preload=\"none\" style=\"width: 100%;\" controls=\"controls\"><source type=\"audio\/mpeg\" src=\"https:\/\/grup-maig.cat\/wp-content\/uploads\/2019\/05\/Paul\u00ed-i-Safont-Jordi-M@IG-50.mp3?_=7\" \/><a href=\"https:\/\/grup-maig.cat\/wp-content\/uploads\/2019\/05\/Paul\u00ed-i-Safont-Jordi-M@IG-50.mp3\">https:\/\/grup-maig.cat\/wp-content\/uploads\/2019\/05\/Paul\u00ed-i-Safont-Jordi-M@IG-50.mp3<\/a><\/audio>\n","protected":false},"excerpt":{"rendered":"<p>&nbsp; T\u00edtol Compositor Tiratge Any Colla Maig Agust\u00ed Bl\u00e0zquez i Villalba 39&#215;71, s43 1973 Colla Maig Tom\u00e0s Gil i Membrado 37&#215;91, s72 1985 X\u00e0ldiga Tom\u00e0s Gil i Membrado 33&#215;81, s66 1997 Colla Xiroia Josep Clav\u00e9 i Bullich 29&#215;70, s67 1999 Cantarella amorosa Tom\u00e0s Gil i Membrado 29&#215;69, s53 2001 La Montserrat i la Xiroia Frederic [&hellip;]<\/p>\n","protected":false},"author":1,"featured_media":0,"parent":2,"menu_order":0,"comment_status":"closed","ping_status":"closed","template":"","meta":{"footnotes":""},"class_list":["post-6306","page","type-page","status-publish","hentry"],"jetpack_sharing_enabled":true,"jetpack_shortlink":"https:\/\/wp.me\/P1akHH-1DI","_links":{"self":[{"href":"https:\/\/grup-maig.cat\/index.php?rest_route=\/wp\/v2\/pages\/6306","targetHints":{"allow":["GET"]}}],"collection":[{"href":"https:\/\/grup-maig.cat\/index.php?rest_route=\/wp\/v2\/pages"}],"about":[{"href":"https:\/\/grup-maig.cat\/index.php?rest_route=\/wp\/v2\/types\/page"}],"author":[{"embeddable":true,"href":"https:\/\/grup-maig.cat\/index.php?rest_route=\/wp\/v2\/users\/1"}],"replies":[{"embeddable":true,"href":"https:\/\/grup-maig.cat\/index.php?rest_route=%2Fwp%2Fv2%2Fcomments&post=6306"}],"version-history":[{"count":26,"href":"https:\/\/grup-maig.cat\/index.php?rest_route=\/wp\/v2\/pages\/6306\/revisions"}],"predecessor-version":[{"id":6571,"href":"https:\/\/grup-maig.cat\/index.php?rest_route=\/wp\/v2\/pages\/6306\/revisions\/6571"}],"up":[{"embeddable":true,"href":"https:\/\/grup-maig.cat\/index.php?rest_route=\/wp\/v2\/pages\/2"}],"wp:attachment":[{"href":"https:\/\/grup-maig.cat\/index.php?rest_route=%2Fwp%2Fv2%2Fmedia&parent=6306"}],"curies":[{"name":"wp","href":"https:\/\/api.w.org\/{rel}","templated":true}]}}