{"id":3017,"date":"2014-02-19T20:29:44","date_gmt":"2014-02-19T20:29:44","guid":{"rendered":"https:\/\/grup-maig.cat\/?page_id=3017"},"modified":"2022-05-12T08:52:21","modified_gmt":"2022-05-12T08:52:21","slug":"videos","status":"publish","type":"page","link":"https:\/\/grup-maig.cat\/?page_id=3017","title":{"rendered":"V\u00eddeos"},"content":{"rendered":"<p>A continuaci\u00f3 teniu la llista de reproducci\u00f3 amb v\u00eddeos de les nostres activitats.<\/p>\n<p><iframe loading=\"lazy\" width=\"560\" height=\"315\" src=\"https:\/\/www.youtube.com\/embed\/videoseries?list=PLiV5ub8uG5Qlh3I31Zx_SXyLfxzioEBVJ\" title=\"YouTube video player\" frameborder=\"0\" allow=\"accelerometer; autoplay; clipboard-write; encrypted-media; gyroscope; picture-in-picture\" allowfullscreen><\/iframe><\/p>\n<p>Podeu veure m\u00e9s al nostre canal de YouTube: <\/p>\n<p><a href=\"https:\/\/www.youtube.com\/c\/GrupMaig\" rel=\"noopener\" target=\"_blank\">Grup Sardanista Maig -Youtube<\/a><\/p>\n","protected":false},"excerpt":{"rendered":"<p>A continuaci\u00f3 teniu la llista de reproducci\u00f3 amb v\u00eddeos de les nostres activitats. Podeu veure m\u00e9s al nostre canal de YouTube: Grup Sardanista Maig -Youtube<\/p>\n","protected":false},"author":1,"featured_media":0,"parent":0,"menu_order":0,"comment_status":"open","ping_status":"open","template":"","meta":{"footnotes":""},"class_list":["post-3017","page","type-page","status-publish","hentry"],"jetpack_sharing_enabled":true,"jetpack_shortlink":"https:\/\/wp.me\/P1akHH-MF","_links":{"self":[{"href":"https:\/\/grup-maig.cat\/index.php?rest_route=\/wp\/v2\/pages\/3017","targetHints":{"allow":["GET"]}}],"collection":[{"href":"https:\/\/grup-maig.cat\/index.php?rest_route=\/wp\/v2\/pages"}],"about":[{"href":"https:\/\/grup-maig.cat\/index.php?rest_route=\/wp\/v2\/types\/page"}],"author":[{"embeddable":true,"href":"https:\/\/grup-maig.cat\/index.php?rest_route=\/wp\/v2\/users\/1"}],"replies":[{"embeddable":true,"href":"https:\/\/grup-maig.cat\/index.php?rest_route=%2Fwp%2Fv2%2Fcomments&post=3017"}],"version-history":[{"count":15,"href":"https:\/\/grup-maig.cat\/index.php?rest_route=\/wp\/v2\/pages\/3017\/revisions"}],"predecessor-version":[{"id":3364,"href":"https:\/\/grup-maig.cat\/index.php?rest_route=\/wp\/v2\/pages\/3017\/revisions\/3364"}],"wp:attachment":[{"href":"https:\/\/grup-maig.cat\/index.php?rest_route=%2Fwp%2Fv2%2Fmedia&parent=3017"}],"curies":[{"name":"wp","href":"https:\/\/api.w.org\/{rel}","templated":true}]}}