{"id":2,"date":"2010-10-26T17:51:22","date_gmt":"2010-10-26T17:51:22","guid":{"rendered":"https:\/\/grup-maig.cat\/?page_id=2"},"modified":"2022-05-12T07:54:32","modified_gmt":"2022-05-12T07:54:32","slug":"about","status":"publish","type":"page","link":"https:\/\/grup-maig.cat\/?page_id=2","title":{"rendered":"Colles"},"content":{"rendered":"<p style=\"text-align: left;\">El <strong>Grup Sardanista Maig<\/strong> est\u00e0 format per diferents grups o colles de competici\u00f3, organitzades en funci\u00f3 de l&#8217;edat dels seus components.<\/p>\n<ul>\n<li><strong>Colla Xamosa; <\/strong>categoria alevina<\/li>\n<li><strong>Colla Xiroia<\/strong>; categoria infantil<\/li>\n<li><strong>Colla X\u00e0ldiga<\/strong>; categoria juvenil<\/li>\n<li><strong>Colla Maig<\/strong>; categoria gran<\/li>\n<li><strong>Colla Dansaires de Maig<\/strong>; categoria veterana<\/li>\n<\/ul>\n<div class=\"tiled-gallery type-rectangular tiled-gallery-unresized\" data-original-width=\"500\" data-carousel-extra='{&quot;blog_id&quot;:1,&quot;permalink&quot;:&quot;https:\\\/\\\/grup-maig.cat\\\/?page_id=2&quot;,&quot;likes_blog_id&quot;:17239205}' itemscope itemtype=\"http:\/\/schema.org\/ImageGallery\" > <div class=\"gallery-row\" style=\"width: 500px; height: 229px;\" data-original-width=\"500\" data-original-height=\"229\" > <div class=\"gallery-group images-1\" style=\"width: 340px; height: 229px;\" data-original-width=\"340\" data-original-height=\"229\" > <div class=\"tiled-gallery-item tiled-gallery-item-large\" itemprop=\"associatedMedia\" itemscope itemtype=\"http:\/\/schema.org\/ImageObject\"> <a href=\"https:\/\/grup-maig.cat\/?attachment_id=2788\" border=\"0\" itemprop=\"url\"> <meta itemprop=\"width\" content=\"336\"> <meta itemprop=\"height\" content=\"225\"> <img decoding=\"async\" class=\"\" data-attachment-id=\"2788\" data-orig-file=\"https:\/\/grup-maig.cat\/wp-content\/uploads\/2012\/11\/Valls-8.jpg\" data-orig-size=\"500,335\" data-comments-opened=\"1\" data-image-meta=\"{&quot;aperture&quot;:&quot;4.5&quot;,&quot;credit&quot;:&quot;&quot;,&quot;camera&quot;:&quot;NIKON D60&quot;,&quot;caption&quot;:&quot;&quot;,&quot;created_timestamp&quot;:&quot;1353248617&quot;,&quot;copyright&quot;:&quot;&quot;,&quot;focal_length&quot;:&quot;32&quot;,&quot;iso&quot;:&quot;640&quot;,&quot;shutter_speed&quot;:&quot;0.016666666666667&quot;,&quot;title&quot;:&quot;&quot;}\" data-image-title=\"Valls 8\" data-image-description=\"\" data-medium-file=\"https:\/\/grup-maig.cat\/wp-content\/uploads\/2012\/11\/Valls-8-300x201.jpg\" data-large-file=\"https:\/\/grup-maig.cat\/wp-content\/uploads\/2012\/11\/Valls-8.jpg\" src=\"https:\/\/i0.wp.com\/grup-maig.cat\/wp-content\/uploads\/2012\/11\/Valls-8.jpg?w=336&#038;h=225&#038;ssl=1\" srcset=\"https:\/\/grup-maig.cat\/wp-content\/uploads\/2012\/11\/Valls-8.jpg 500w, https:\/\/grup-maig.cat\/wp-content\/uploads\/2012\/11\/Valls-8-300x201.jpg 300w, https:\/\/grup-maig.cat\/wp-content\/uploads\/2012\/11\/Valls-8-150x100.jpg 150w, https:\/\/grup-maig.cat\/wp-content\/uploads\/2012\/11\/Valls-8-400x268.jpg 400w\" width=\"336\" height=\"225\" loading=\"lazy\" data-original-width=\"336\" data-original-height=\"225\" itemprop=\"http:\/\/schema.org\/image\" title=\"Valls 8\" alt=\"Valls 8\" style=\"width: 336px; height: 225px;\" \/> <\/a> <\/div> <\/div> <!-- close group --> <div class=\"gallery-group images-2\" style=\"width: 160px; height: 229px;\" data-original-width=\"160\" data-original-height=\"229\" > <div class=\"tiled-gallery-item tiled-gallery-item-small\" itemprop=\"associatedMedia\" itemscope itemtype=\"http:\/\/schema.org\/ImageObject\"> <a href=\"https:\/\/grup-maig.cat\/?attachment_id=5239\" border=\"0\" itemprop=\"url\"> <meta itemprop=\"width\" content=\"156\"> <meta itemprop=\"height\" content=\"104\"> <img decoding=\"async\" class=\"\" data-attachment-id=\"5239\" data-orig-file=\"https:\/\/grup-maig.cat\/wp-content\/uploads\/2017\/09\/sitges3.jpg\" data-orig-size=\"2048,1374\" data-comments-opened=\"1\" data-image-meta=\"{&quot;aperture&quot;:&quot;0&quot;,&quot;credit&quot;:&quot;&quot;,&quot;camera&quot;:&quot;&quot;,&quot;caption&quot;:&quot;&quot;,&quot;created_timestamp&quot;:&quot;0&quot;,&quot;copyright&quot;:&quot;&quot;,&quot;focal_length&quot;:&quot;0&quot;,&quot;iso&quot;:&quot;0&quot;,&quot;shutter_speed&quot;:&quot;0&quot;,&quot;title&quot;:&quot;&quot;,&quot;orientation&quot;:&quot;0&quot;}\" data-image-title=\"sitges3\" data-image-description=\"\" data-medium-file=\"https:\/\/grup-maig.cat\/wp-content\/uploads\/2017\/09\/sitges3-300x201.jpg\" data-large-file=\"https:\/\/grup-maig.cat\/wp-content\/uploads\/2017\/09\/sitges3-1024x687.jpg\" src=\"https:\/\/i0.wp.com\/grup-maig.cat\/wp-content\/uploads\/2017\/09\/sitges3.jpg?w=156&#038;h=104&#038;ssl=1\" srcset=\"https:\/\/grup-maig.cat\/wp-content\/uploads\/2017\/09\/sitges3.jpg 2048w, https:\/\/grup-maig.cat\/wp-content\/uploads\/2017\/09\/sitges3-300x201.jpg 300w, https:\/\/grup-maig.cat\/wp-content\/uploads\/2017\/09\/sitges3-768x515.jpg 768w, https:\/\/grup-maig.cat\/wp-content\/uploads\/2017\/09\/sitges3-1024x687.jpg 1024w, https:\/\/grup-maig.cat\/wp-content\/uploads\/2017\/09\/sitges3-150x101.jpg 150w, https:\/\/grup-maig.cat\/wp-content\/uploads\/2017\/09\/sitges3-400x268.jpg 400w\" width=\"156\" height=\"104\" loading=\"lazy\" data-original-width=\"156\" data-original-height=\"104\" itemprop=\"http:\/\/schema.org\/image\" title=\"sitges3\" alt=\"sitges3\" style=\"width: 156px; height: 104px;\" \/> <\/a> <\/div> <div class=\"tiled-gallery-item tiled-gallery-item-small\" itemprop=\"associatedMedia\" itemscope itemtype=\"http:\/\/schema.org\/ImageObject\"> <a href=\"https:\/\/grup-maig.cat\/?attachment_id=3904\" border=\"0\" itemprop=\"url\"> <meta itemprop=\"width\" content=\"156\"> <meta itemprop=\"height\" content=\"117\"> <img decoding=\"async\" class=\"\" data-attachment-id=\"3904\" data-orig-file=\"https:\/\/grup-maig.cat\/wp-content\/uploads\/2015\/05\/11138486_664531537013226_4025092661850586304_n.jpg\" data-orig-size=\"960,720\" data-comments-opened=\"1\" data-image-meta=\"{&quot;aperture&quot;:&quot;0&quot;,&quot;credit&quot;:&quot;&quot;,&quot;camera&quot;:&quot;&quot;,&quot;caption&quot;:&quot;&quot;,&quot;created_timestamp&quot;:&quot;0&quot;,&quot;copyright&quot;:&quot;&quot;,&quot;focal_length&quot;:&quot;0&quot;,&quot;iso&quot;:&quot;0&quot;,&quot;shutter_speed&quot;:&quot;0&quot;,&quot;title&quot;:&quot;&quot;,&quot;orientation&quot;:&quot;0&quot;}\" data-image-title=\"11138486_664531537013226_4025092661850586304_n\" data-image-description=\"\" data-medium-file=\"https:\/\/grup-maig.cat\/wp-content\/uploads\/2015\/05\/11138486_664531537013226_4025092661850586304_n-300x225.jpg\" data-large-file=\"https:\/\/grup-maig.cat\/wp-content\/uploads\/2015\/05\/11138486_664531537013226_4025092661850586304_n.jpg\" src=\"https:\/\/i0.wp.com\/grup-maig.cat\/wp-content\/uploads\/2015\/05\/11138486_664531537013226_4025092661850586304_n.jpg?w=156&#038;h=117&#038;ssl=1\" srcset=\"https:\/\/grup-maig.cat\/wp-content\/uploads\/2015\/05\/11138486_664531537013226_4025092661850586304_n.jpg 960w, https:\/\/grup-maig.cat\/wp-content\/uploads\/2015\/05\/11138486_664531537013226_4025092661850586304_n-300x225.jpg 300w, https:\/\/grup-maig.cat\/wp-content\/uploads\/2015\/05\/11138486_664531537013226_4025092661850586304_n-150x112.jpg 150w, https:\/\/grup-maig.cat\/wp-content\/uploads\/2015\/05\/11138486_664531537013226_4025092661850586304_n-400x300.jpg 400w\" width=\"156\" height=\"117\" loading=\"lazy\" data-original-width=\"156\" data-original-height=\"117\" itemprop=\"http:\/\/schema.org\/image\" title=\"11138486_664531537013226_4025092661850586304_n\" alt=\"11138486_664531537013226_4025092661850586304_n\" style=\"width: 156px; height: 117px;\" \/> <\/a> <\/div> <\/div> <!-- close group --> <\/div> <!-- close row --> <div class=\"gallery-row\" style=\"width: 500px; height: 225px;\" data-original-width=\"500\" data-original-height=\"225\" > <div class=\"gallery-group images-2\" style=\"width: 166px; height: 225px;\" data-original-width=\"166\" data-original-height=\"225\" > <div class=\"tiled-gallery-item tiled-gallery-item-small\" itemprop=\"associatedMedia\" itemscope itemtype=\"http:\/\/schema.org\/ImageObject\"> <a href=\"https:\/\/grup-maig.cat\/?attachment_id=3926\" border=\"0\" itemprop=\"url\"> <meta itemprop=\"width\" content=\"162\"> <meta itemprop=\"height\" content=\"108\"> <img decoding=\"async\" class=\"\" data-attachment-id=\"3926\" data-orig-file=\"https:\/\/grup-maig.cat\/wp-content\/uploads\/2015\/05\/11092120_666850313448015_5122974260980288860_n.jpg\" data-orig-size=\"960,640\" data-comments-opened=\"1\" data-image-meta=\"{&quot;aperture&quot;:&quot;0&quot;,&quot;credit&quot;:&quot;&quot;,&quot;camera&quot;:&quot;&quot;,&quot;caption&quot;:&quot;&quot;,&quot;created_timestamp&quot;:&quot;0&quot;,&quot;copyright&quot;:&quot;&quot;,&quot;focal_length&quot;:&quot;0&quot;,&quot;iso&quot;:&quot;0&quot;,&quot;shutter_speed&quot;:&quot;0&quot;,&quot;title&quot;:&quot;&quot;,&quot;orientation&quot;:&quot;0&quot;}\" data-image-title=\"11092120_666850313448015_5122974260980288860_n\" data-image-description=\"\" data-medium-file=\"https:\/\/grup-maig.cat\/wp-content\/uploads\/2015\/05\/11092120_666850313448015_5122974260980288860_n-300x200.jpg\" data-large-file=\"https:\/\/grup-maig.cat\/wp-content\/uploads\/2015\/05\/11092120_666850313448015_5122974260980288860_n.jpg\" src=\"https:\/\/i0.wp.com\/grup-maig.cat\/wp-content\/uploads\/2015\/05\/11092120_666850313448015_5122974260980288860_n.jpg?w=162&#038;h=108&#038;ssl=1\" srcset=\"https:\/\/grup-maig.cat\/wp-content\/uploads\/2015\/05\/11092120_666850313448015_5122974260980288860_n.jpg 960w, https:\/\/grup-maig.cat\/wp-content\/uploads\/2015\/05\/11092120_666850313448015_5122974260980288860_n-300x200.jpg 300w, https:\/\/grup-maig.cat\/wp-content\/uploads\/2015\/05\/11092120_666850313448015_5122974260980288860_n-150x100.jpg 150w, https:\/\/grup-maig.cat\/wp-content\/uploads\/2015\/05\/11092120_666850313448015_5122974260980288860_n-400x266.jpg 400w\" width=\"162\" height=\"108\" loading=\"lazy\" data-original-width=\"162\" data-original-height=\"108\" itemprop=\"http:\/\/schema.org\/image\" title=\"11092120_666850313448015_5122974260980288860_n\" alt=\"11092120_666850313448015_5122974260980288860_n\" style=\"width: 162px; height: 108px;\" \/> <\/a> <\/div> <div class=\"tiled-gallery-item tiled-gallery-item-small\" itemprop=\"associatedMedia\" itemscope itemtype=\"http:\/\/schema.org\/ImageObject\"> <a href=\"https:\/\/grup-maig.cat\/?attachment_id=5080\" border=\"0\" itemprop=\"url\"> <meta itemprop=\"width\" content=\"162\"> <meta itemprop=\"height\" content=\"109\"> <img decoding=\"async\" class=\"\" data-attachment-id=\"5080\" data-orig-file=\"https:\/\/grup-maig.cat\/wp-content\/uploads\/2017\/07\/19983721_1105044672961908_5181286303775980673_o.jpg\" data-orig-size=\"2048,1371\" data-comments-opened=\"1\" data-image-meta=\"{&quot;aperture&quot;:&quot;0&quot;,&quot;credit&quot;:&quot;&quot;,&quot;camera&quot;:&quot;&quot;,&quot;caption&quot;:&quot;&quot;,&quot;created_timestamp&quot;:&quot;0&quot;,&quot;copyright&quot;:&quot;&quot;,&quot;focal_length&quot;:&quot;0&quot;,&quot;iso&quot;:&quot;0&quot;,&quot;shutter_speed&quot;:&quot;0&quot;,&quot;title&quot;:&quot;&quot;,&quot;orientation&quot;:&quot;0&quot;}\" data-image-title=\"19983721_1105044672961908_5181286303775980673_o\" data-image-description=\"\" data-medium-file=\"https:\/\/grup-maig.cat\/wp-content\/uploads\/2017\/07\/19983721_1105044672961908_5181286303775980673_o-300x201.jpg\" data-large-file=\"https:\/\/grup-maig.cat\/wp-content\/uploads\/2017\/07\/19983721_1105044672961908_5181286303775980673_o-1024x686.jpg\" src=\"https:\/\/i0.wp.com\/grup-maig.cat\/wp-content\/uploads\/2017\/07\/19983721_1105044672961908_5181286303775980673_o.jpg?w=162&#038;h=109&#038;ssl=1\" srcset=\"https:\/\/grup-maig.cat\/wp-content\/uploads\/2017\/07\/19983721_1105044672961908_5181286303775980673_o.jpg 2048w, https:\/\/grup-maig.cat\/wp-content\/uploads\/2017\/07\/19983721_1105044672961908_5181286303775980673_o-300x201.jpg 300w, https:\/\/grup-maig.cat\/wp-content\/uploads\/2017\/07\/19983721_1105044672961908_5181286303775980673_o-768x514.jpg 768w, https:\/\/grup-maig.cat\/wp-content\/uploads\/2017\/07\/19983721_1105044672961908_5181286303775980673_o-1024x686.jpg 1024w, https:\/\/grup-maig.cat\/wp-content\/uploads\/2017\/07\/19983721_1105044672961908_5181286303775980673_o-150x100.jpg 150w, https:\/\/grup-maig.cat\/wp-content\/uploads\/2017\/07\/19983721_1105044672961908_5181286303775980673_o-400x268.jpg 400w\" width=\"162\" height=\"109\" loading=\"lazy\" data-original-width=\"162\" data-original-height=\"109\" itemprop=\"http:\/\/schema.org\/image\" title=\"19983721_1105044672961908_5181286303775980673_o\" alt=\"19983721_1105044672961908_5181286303775980673_o\" style=\"width: 162px; height: 109px;\" \/> <\/a> <\/div> <\/div> <!-- close group --> <div class=\"gallery-group images-1\" style=\"width: 334px; height: 225px;\" data-original-width=\"334\" data-original-height=\"225\" > <div class=\"tiled-gallery-item tiled-gallery-item-large\" itemprop=\"associatedMedia\" itemscope itemtype=\"http:\/\/schema.org\/ImageObject\"> <a href=\"https:\/\/grup-maig.cat\/?attachment_id=5146\" border=\"0\" itemprop=\"url\"> <meta itemprop=\"width\" content=\"330\"> <meta itemprop=\"height\" content=\"221\"> <img decoding=\"async\" class=\"\" data-attachment-id=\"5146\" data-orig-file=\"https:\/\/grup-maig.cat\/wp-content\/uploads\/2017\/09\/CERET-15.jpg\" data-orig-size=\"2048,1374\" data-comments-opened=\"1\" data-image-meta=\"{&quot;aperture&quot;:&quot;0&quot;,&quot;credit&quot;:&quot;&quot;,&quot;camera&quot;:&quot;&quot;,&quot;caption&quot;:&quot;&quot;,&quot;created_timestamp&quot;:&quot;0&quot;,&quot;copyright&quot;:&quot;&quot;,&quot;focal_length&quot;:&quot;0&quot;,&quot;iso&quot;:&quot;0&quot;,&quot;shutter_speed&quot;:&quot;0&quot;,&quot;title&quot;:&quot;&quot;,&quot;orientation&quot;:&quot;0&quot;}\" data-image-title=\"CERET 15\" data-image-description=\"\" data-medium-file=\"https:\/\/grup-maig.cat\/wp-content\/uploads\/2017\/09\/CERET-15-300x201.jpg\" data-large-file=\"https:\/\/grup-maig.cat\/wp-content\/uploads\/2017\/09\/CERET-15-1024x687.jpg\" src=\"https:\/\/i0.wp.com\/grup-maig.cat\/wp-content\/uploads\/2017\/09\/CERET-15.jpg?w=330&#038;h=221&#038;ssl=1\" srcset=\"https:\/\/grup-maig.cat\/wp-content\/uploads\/2017\/09\/CERET-15.jpg 2048w, https:\/\/grup-maig.cat\/wp-content\/uploads\/2017\/09\/CERET-15-300x201.jpg 300w, https:\/\/grup-maig.cat\/wp-content\/uploads\/2017\/09\/CERET-15-768x515.jpg 768w, https:\/\/grup-maig.cat\/wp-content\/uploads\/2017\/09\/CERET-15-1024x687.jpg 1024w, https:\/\/grup-maig.cat\/wp-content\/uploads\/2017\/09\/CERET-15-150x101.jpg 150w, https:\/\/grup-maig.cat\/wp-content\/uploads\/2017\/09\/CERET-15-400x268.jpg 400w\" width=\"330\" height=\"221\" loading=\"lazy\" data-original-width=\"330\" data-original-height=\"221\" itemprop=\"http:\/\/schema.org\/image\" title=\"CERET 15\" alt=\"CERET 15\" style=\"width: 330px; height: 221px;\" \/> <\/a> <\/div> <\/div> <!-- close group --> <\/div> <!-- close row --> <\/div>\n<p style=\"text-align: center;\">\n","protected":false},"excerpt":{"rendered":"<p>El Grup Sardanista Maig est\u00e0 format per diferents grups o colles de competici\u00f3, organitzades en funci\u00f3 de l&#8217;edat dels seus components. Colla Xamosa; categoria alevina Colla Xiroia; categoria infantil Colla X\u00e0ldiga; categoria juvenil Colla Maig; categoria gran Colla Dansaires de Maig; categoria veterana<\/p>\n","protected":false},"author":1,"featured_media":0,"parent":0,"menu_order":0,"comment_status":"open","ping_status":"open","template":"","meta":{"footnotes":""},"class_list":["post-2","page","type-page","status-publish","hentry"],"jetpack_sharing_enabled":true,"jetpack_shortlink":"https:\/\/wp.me\/P1akHH-2","_links":{"self":[{"href":"https:\/\/grup-maig.cat\/index.php?rest_route=\/wp\/v2\/pages\/2","targetHints":{"allow":["GET"]}}],"collection":[{"href":"https:\/\/grup-maig.cat\/index.php?rest_route=\/wp\/v2\/pages"}],"about":[{"href":"https:\/\/grup-maig.cat\/index.php?rest_route=\/wp\/v2\/types\/page"}],"author":[{"embeddable":true,"href":"https:\/\/grup-maig.cat\/index.php?rest_route=\/wp\/v2\/users\/1"}],"replies":[{"embeddable":true,"href":"https:\/\/grup-maig.cat\/index.php?rest_route=%2Fwp%2Fv2%2Fcomments&post=2"}],"version-history":[{"count":21,"href":"https:\/\/grup-maig.cat\/index.php?rest_route=\/wp\/v2\/pages\/2\/revisions"}],"predecessor-version":[{"id":7026,"href":"https:\/\/grup-maig.cat\/index.php?rest_route=\/wp\/v2\/pages\/2\/revisions\/7026"}],"wp:attachment":[{"href":"https:\/\/grup-maig.cat\/index.php?rest_route=%2Fwp%2Fv2%2Fmedia&parent=2"}],"curies":[{"name":"wp","href":"https:\/\/api.w.org\/{rel}","templated":true}]}}