{"id":14,"date":"2010-10-26T20:12:41","date_gmt":"2010-10-26T20:12:41","guid":{"rendered":"https:\/\/grup-maig.cat\/?page_id=14"},"modified":"2018-01-17T01:09:58","modified_gmt":"2018-01-17T01:09:58","slug":"dansaires-de-maig","status":"publish","type":"page","link":"https:\/\/grup-maig.cat\/?page_id=14","title":{"rendered":"Dansaires de Maig"},"content":{"rendered":"<p>La <strong>Dansaires de Maig<\/strong> es va fundar l&#8217;any 1977 com una colla <strong>filial<\/strong> de la Maig. Des del 1999 competeix com la colla de categoria veterana del <strong>Grup Sardanista Maig<\/strong>. Els seus components s\u00f3n majors de 40 anys i cada cap de setmana demostren que edat i esport es combinen perfectament amb la sardana de competici\u00f3.<\/p>\n<p>M\u00e9s de 40 anys ballant demostren el comprom\u00eds dels seus dansaires i marquen la fidelitat ballant un estil clar i conc\u00eds. Va ser Campiona de Catalunya de Revesses els anys 2010 i 2014 i subcampiona els anys 2012 i 2013.<\/p>\n<p><strong>Categoria<\/strong>: Veterans<\/p>\n<p><strong>Competici\u00f3<\/strong>: Territorial Barcelona Ciutat i Campionat de Catalunya de Llu\u00efment \u00a0i Revesses.<\/p>\n<p><strong>Fundaci\u00f3<\/strong>: 1977<\/p>\n<p><strong>Capdansers<\/strong>:\u00a0\u00c0ngel Cuenca i Joan Casals<\/p>\n<p><strong>Vestuari<\/strong>: Nois (camisa negra, pantal\u00f3 negre i espardenyes vermelles)<\/p>\n<p>Noies (samarreta vermella, pantal\u00f3 negre i\u00a0espardenyes vermelless)<\/p>\n<div class=\"tiled-gallery type-rectangular tiled-gallery-unresized\" data-original-width=\"500\" data-carousel-extra='{&quot;blog_id&quot;:1,&quot;permalink&quot;:&quot;https:\\\/\\\/grup-maig.cat\\\/?page_id=14&quot;,&quot;likes_blog_id&quot;:17239205}' itemscope itemtype=\"http:\/\/schema.org\/ImageGallery\" > <div class=\"gallery-row\" style=\"width: 500px; height: 235px;\" data-original-width=\"500\" data-original-height=\"235\" > <div class=\"gallery-group images-1\" style=\"width: 326px; height: 235px;\" data-original-width=\"326\" data-original-height=\"235\" > <div class=\"tiled-gallery-item tiled-gallery-item-large\" itemprop=\"associatedMedia\" itemscope itemtype=\"http:\/\/schema.org\/ImageObject\"> <a href=\"https:\/\/grup-maig.cat\/?attachment_id=5421\" border=\"0\" itemprop=\"url\"> <meta itemprop=\"width\" content=\"322\"> <meta itemprop=\"height\" content=\"231\"> <img decoding=\"async\" class=\"\" data-attachment-id=\"5421\" data-orig-file=\"https:\/\/grup-maig.cat\/wp-content\/uploads\/2010\/10\/1987-Colla-Dansaires-de-Maig-\u00d2dena.jpg\" data-orig-size=\"2042,1464\" data-comments-opened=\"1\" data-image-meta=\"{&quot;aperture&quot;:&quot;0&quot;,&quot;credit&quot;:&quot;&quot;,&quot;camera&quot;:&quot;&quot;,&quot;caption&quot;:&quot;&quot;,&quot;created_timestamp&quot;:&quot;0&quot;,&quot;copyright&quot;:&quot;&quot;,&quot;focal_length&quot;:&quot;0&quot;,&quot;iso&quot;:&quot;0&quot;,&quot;shutter_speed&quot;:&quot;0&quot;,&quot;title&quot;:&quot;&quot;,&quot;orientation&quot;:&quot;1&quot;}\" data-image-title=\"1987 Colla Dansaires de Maig (\u00d2dena)\" data-image-description=\"\" data-medium-file=\"https:\/\/grup-maig.cat\/wp-content\/uploads\/2010\/10\/1987-Colla-Dansaires-de-Maig-\u00d2dena-300x215.jpg\" data-large-file=\"https:\/\/grup-maig.cat\/wp-content\/uploads\/2010\/10\/1987-Colla-Dansaires-de-Maig-\u00d2dena-1024x734.jpg\" src=\"https:\/\/i0.wp.com\/grup-maig.cat\/wp-content\/uploads\/2010\/10\/1987-Colla-Dansaires-de-Maig-%C3%92dena.jpg?w=322&#038;h=231&#038;ssl=1\" width=\"322\" height=\"231\" loading=\"lazy\" data-original-width=\"322\" data-original-height=\"231\" itemprop=\"http:\/\/schema.org\/image\" title=\"1987 Colla Dansaires de Maig (\u00d2dena)\" alt=\"1987 Colla Dansaires de Maig (\u00d2dena)\" style=\"width: 322px; height: 231px;\" \/> <\/a> <\/div> <\/div> <!-- close group --> <div class=\"gallery-group images-2\" style=\"width: 174px; height: 235px;\" data-original-width=\"174\" data-original-height=\"235\" > <div class=\"tiled-gallery-item tiled-gallery-item-small\" itemprop=\"associatedMedia\" itemscope itemtype=\"http:\/\/schema.org\/ImageObject\"> <a href=\"https:\/\/grup-maig.cat\/?attachment_id=4944\" border=\"0\" itemprop=\"url\"> <meta itemprop=\"width\" content=\"170\"> <meta itemprop=\"height\" content=\"114\"> <img decoding=\"async\" class=\"\" data-attachment-id=\"4944\" data-orig-file=\"https:\/\/grup-maig.cat\/wp-content\/uploads\/2017\/05\/\u00f2dena-2017-1.jpg\" data-orig-size=\"2048,1374\" data-comments-opened=\"1\" data-image-meta=\"{&quot;aperture&quot;:&quot;0&quot;,&quot;credit&quot;:&quot;&quot;,&quot;camera&quot;:&quot;&quot;,&quot;caption&quot;:&quot;&quot;,&quot;created_timestamp&quot;:&quot;0&quot;,&quot;copyright&quot;:&quot;&quot;,&quot;focal_length&quot;:&quot;0&quot;,&quot;iso&quot;:&quot;0&quot;,&quot;shutter_speed&quot;:&quot;0&quot;,&quot;title&quot;:&quot;&quot;,&quot;orientation&quot;:&quot;0&quot;}\" data-image-title=\"\u00f2dena 2017 1\" data-image-description=\"\" data-medium-file=\"https:\/\/grup-maig.cat\/wp-content\/uploads\/2017\/05\/\u00f2dena-2017-1-300x201.jpg\" data-large-file=\"https:\/\/grup-maig.cat\/wp-content\/uploads\/2017\/05\/\u00f2dena-2017-1-1024x687.jpg\" src=\"https:\/\/i0.wp.com\/grup-maig.cat\/wp-content\/uploads\/2017\/05\/%C3%B2dena-2017-1.jpg?w=170&#038;h=114&#038;ssl=1\" width=\"170\" height=\"114\" loading=\"lazy\" data-original-width=\"170\" data-original-height=\"114\" itemprop=\"http:\/\/schema.org\/image\" title=\"\u00f2dena 2017 1\" alt=\"\u00f2dena 2017 1\" style=\"width: 170px; height: 114px;\" \/> <\/a> <\/div> <div class=\"tiled-gallery-item tiled-gallery-item-small\" itemprop=\"associatedMedia\" itemscope itemtype=\"http:\/\/schema.org\/ImageObject\"> <a href=\"https:\/\/grup-maig.cat\/?attachment_id=4965\" border=\"0\" itemprop=\"url\"> <meta itemprop=\"width\" content=\"170\"> <meta itemprop=\"height\" content=\"113\"> <img decoding=\"async\" class=\"\" data-attachment-id=\"4965\" data-orig-file=\"https:\/\/grup-maig.cat\/wp-content\/uploads\/2017\/05\/sabadell-2017-5.jpg\" data-orig-size=\"2048,1367\" data-comments-opened=\"1\" data-image-meta=\"{&quot;aperture&quot;:&quot;0&quot;,&quot;credit&quot;:&quot;&quot;,&quot;camera&quot;:&quot;&quot;,&quot;caption&quot;:&quot;&quot;,&quot;created_timestamp&quot;:&quot;0&quot;,&quot;copyright&quot;:&quot;&quot;,&quot;focal_length&quot;:&quot;0&quot;,&quot;iso&quot;:&quot;0&quot;,&quot;shutter_speed&quot;:&quot;0&quot;,&quot;title&quot;:&quot;&quot;,&quot;orientation&quot;:&quot;0&quot;}\" data-image-title=\"sabadell 2017-5\" data-image-description=\"\" data-medium-file=\"https:\/\/grup-maig.cat\/wp-content\/uploads\/2017\/05\/sabadell-2017-5-300x200.jpg\" data-large-file=\"https:\/\/grup-maig.cat\/wp-content\/uploads\/2017\/05\/sabadell-2017-5-1024x684.jpg\" src=\"https:\/\/i0.wp.com\/grup-maig.cat\/wp-content\/uploads\/2017\/05\/sabadell-2017-5.jpg?w=170&#038;h=113&#038;ssl=1\" srcset=\"https:\/\/grup-maig.cat\/wp-content\/uploads\/2017\/05\/sabadell-2017-5.jpg 2048w, https:\/\/grup-maig.cat\/wp-content\/uploads\/2017\/05\/sabadell-2017-5-300x200.jpg 300w, https:\/\/grup-maig.cat\/wp-content\/uploads\/2017\/05\/sabadell-2017-5-768x513.jpg 768w, https:\/\/grup-maig.cat\/wp-content\/uploads\/2017\/05\/sabadell-2017-5-1024x684.jpg 1024w, https:\/\/grup-maig.cat\/wp-content\/uploads\/2017\/05\/sabadell-2017-5-150x100.jpg 150w, https:\/\/grup-maig.cat\/wp-content\/uploads\/2017\/05\/sabadell-2017-5-400x267.jpg 400w\" width=\"170\" height=\"113\" loading=\"lazy\" data-original-width=\"170\" data-original-height=\"113\" itemprop=\"http:\/\/schema.org\/image\" title=\"sabadell 2017-5\" alt=\"sabadell 2017-5\" style=\"width: 170px; height: 113px;\" \/> <\/a> <\/div> <\/div> <!-- close group --> <\/div> <!-- close row --> <div class=\"gallery-row\" style=\"width: 500px; height: 113px;\" data-original-width=\"500\" data-original-height=\"113\" > <div class=\"gallery-group images-1\" style=\"width: 167px; height: 113px;\" data-original-width=\"167\" data-original-height=\"113\" > <div class=\"tiled-gallery-item tiled-gallery-item-small\" itemprop=\"associatedMedia\" itemscope itemtype=\"http:\/\/schema.org\/ImageObject\"> <a href=\"https:\/\/grup-maig.cat\/?attachment_id=4945\" border=\"0\" itemprop=\"url\"> <meta itemprop=\"width\" content=\"163\"> <meta itemprop=\"height\" content=\"109\"> <img decoding=\"async\" class=\"\" data-attachment-id=\"4945\" data-orig-file=\"https:\/\/grup-maig.cat\/wp-content\/uploads\/2017\/05\/\u00f2dena-2017-2.jpg\" data-orig-size=\"2048,1374\" data-comments-opened=\"1\" data-image-meta=\"{&quot;aperture&quot;:&quot;0&quot;,&quot;credit&quot;:&quot;&quot;,&quot;camera&quot;:&quot;&quot;,&quot;caption&quot;:&quot;&quot;,&quot;created_timestamp&quot;:&quot;0&quot;,&quot;copyright&quot;:&quot;&quot;,&quot;focal_length&quot;:&quot;0&quot;,&quot;iso&quot;:&quot;0&quot;,&quot;shutter_speed&quot;:&quot;0&quot;,&quot;title&quot;:&quot;&quot;,&quot;orientation&quot;:&quot;0&quot;}\" data-image-title=\"\u00f2dena 2017 2\" data-image-description=\"\" data-medium-file=\"https:\/\/grup-maig.cat\/wp-content\/uploads\/2017\/05\/\u00f2dena-2017-2-300x201.jpg\" data-large-file=\"https:\/\/grup-maig.cat\/wp-content\/uploads\/2017\/05\/\u00f2dena-2017-2-1024x687.jpg\" src=\"https:\/\/i0.wp.com\/grup-maig.cat\/wp-content\/uploads\/2017\/05\/%C3%B2dena-2017-2.jpg?w=163&#038;h=109&#038;ssl=1\" width=\"163\" height=\"109\" loading=\"lazy\" data-original-width=\"163\" data-original-height=\"109\" itemprop=\"http:\/\/schema.org\/image\" title=\"\u00f2dena 2017 2\" alt=\"\u00f2dena 2017 2\" style=\"width: 163px; height: 109px;\" \/> <\/a> <\/div> <\/div> <!-- close group --> <div class=\"gallery-group images-1\" style=\"width: 167px; height: 113px;\" data-original-width=\"167\" data-original-height=\"113\" > <div class=\"tiled-gallery-item tiled-gallery-item-small\" itemprop=\"associatedMedia\" itemscope itemtype=\"http:\/\/schema.org\/ImageObject\"> <a href=\"https:\/\/grup-maig.cat\/?attachment_id=5001\" border=\"0\" itemprop=\"url\"> <meta itemprop=\"width\" content=\"163\"> <meta itemprop=\"height\" content=\"109\"> <img decoding=\"async\" class=\"\" data-attachment-id=\"5001\" data-orig-file=\"https:\/\/grup-maig.cat\/wp-content\/uploads\/2017\/06\/MATAR\u00d3-2017-1.jpg\" data-orig-size=\"2048,1374\" data-comments-opened=\"1\" data-image-meta=\"{&quot;aperture&quot;:&quot;0&quot;,&quot;credit&quot;:&quot;&quot;,&quot;camera&quot;:&quot;&quot;,&quot;caption&quot;:&quot;&quot;,&quot;created_timestamp&quot;:&quot;0&quot;,&quot;copyright&quot;:&quot;&quot;,&quot;focal_length&quot;:&quot;0&quot;,&quot;iso&quot;:&quot;0&quot;,&quot;shutter_speed&quot;:&quot;0&quot;,&quot;title&quot;:&quot;&quot;,&quot;orientation&quot;:&quot;0&quot;}\" data-image-title=\"MATAR\u00d3 2017-1\" data-image-description=\"\" data-medium-file=\"https:\/\/grup-maig.cat\/wp-content\/uploads\/2017\/06\/MATAR\u00d3-2017-1-300x201.jpg\" data-large-file=\"https:\/\/grup-maig.cat\/wp-content\/uploads\/2017\/06\/MATAR\u00d3-2017-1-1024x687.jpg\" src=\"https:\/\/i0.wp.com\/grup-maig.cat\/wp-content\/uploads\/2017\/06\/MATAR%C3%93-2017-1.jpg?w=163&#038;h=109&#038;ssl=1\" width=\"163\" height=\"109\" loading=\"lazy\" data-original-width=\"163\" data-original-height=\"109\" itemprop=\"http:\/\/schema.org\/image\" title=\"MATAR\u00d3 2017-1\" alt=\"MATAR\u00d3 2017-1\" style=\"width: 163px; height: 109px;\" \/> <\/a> <\/div> <\/div> <!-- close group --> <div class=\"gallery-group images-1\" style=\"width: 166px; height: 113px;\" data-original-width=\"166\" data-original-height=\"113\" > <div class=\"tiled-gallery-item tiled-gallery-item-small\" itemprop=\"associatedMedia\" itemscope itemtype=\"http:\/\/schema.org\/ImageObject\"> <a href=\"https:\/\/grup-maig.cat\/?attachment_id=5005\" border=\"0\" itemprop=\"url\"> <meta itemprop=\"width\" content=\"162\"> <meta itemprop=\"height\" content=\"109\"> <img decoding=\"async\" class=\"\" data-attachment-id=\"5005\" data-orig-file=\"https:\/\/grup-maig.cat\/wp-content\/uploads\/2017\/06\/MATAR\u00d3-2017-5.jpg\" data-orig-size=\"2048,1374\" data-comments-opened=\"1\" data-image-meta=\"{&quot;aperture&quot;:&quot;0&quot;,&quot;credit&quot;:&quot;&quot;,&quot;camera&quot;:&quot;&quot;,&quot;caption&quot;:&quot;&quot;,&quot;created_timestamp&quot;:&quot;0&quot;,&quot;copyright&quot;:&quot;&quot;,&quot;focal_length&quot;:&quot;0&quot;,&quot;iso&quot;:&quot;0&quot;,&quot;shutter_speed&quot;:&quot;0&quot;,&quot;title&quot;:&quot;&quot;,&quot;orientation&quot;:&quot;0&quot;}\" data-image-title=\"MATAR\u00d3 2017-5\" data-image-description=\"\" data-medium-file=\"https:\/\/grup-maig.cat\/wp-content\/uploads\/2017\/06\/MATAR\u00d3-2017-5-300x201.jpg\" data-large-file=\"https:\/\/grup-maig.cat\/wp-content\/uploads\/2017\/06\/MATAR\u00d3-2017-5-1024x687.jpg\" src=\"https:\/\/i0.wp.com\/grup-maig.cat\/wp-content\/uploads\/2017\/06\/MATAR%C3%93-2017-5.jpg?w=162&#038;h=109&#038;ssl=1\" width=\"162\" height=\"109\" loading=\"lazy\" data-original-width=\"162\" data-original-height=\"109\" itemprop=\"http:\/\/schema.org\/image\" title=\"MATAR\u00d3 2017-5\" alt=\"MATAR\u00d3 2017-5\" style=\"width: 162px; height: 109px;\" \/> <\/a> <\/div> <\/div> <!-- close group --> <\/div> <!-- close row --> <\/div>\n","protected":false},"excerpt":{"rendered":"<p>La Dansaires de Maig es va fundar l&#8217;any 1977 com una colla filial de la Maig. Des del 1999 competeix com la colla de categoria veterana del Grup Sardanista Maig. Els seus components s\u00f3n majors de 40 anys i cada cap de setmana demostren que edat i esport es combinen perfectament amb la sardana de [&hellip;]<\/p>\n","protected":false},"author":1,"featured_media":0,"parent":2,"menu_order":5,"comment_status":"open","ping_status":"closed","template":"","meta":{"footnotes":""},"class_list":["post-14","page","type-page","status-publish","hentry"],"jetpack_sharing_enabled":true,"jetpack_shortlink":"https:\/\/wp.me\/P1akHH-e","_links":{"self":[{"href":"https:\/\/grup-maig.cat\/index.php?rest_route=\/wp\/v2\/pages\/14","targetHints":{"allow":["GET"]}}],"collection":[{"href":"https:\/\/grup-maig.cat\/index.php?rest_route=\/wp\/v2\/pages"}],"about":[{"href":"https:\/\/grup-maig.cat\/index.php?rest_route=\/wp\/v2\/types\/page"}],"author":[{"embeddable":true,"href":"https:\/\/grup-maig.cat\/index.php?rest_route=\/wp\/v2\/users\/1"}],"replies":[{"embeddable":true,"href":"https:\/\/grup-maig.cat\/index.php?rest_route=%2Fwp%2Fv2%2Fcomments&post=14"}],"version-history":[{"count":12,"href":"https:\/\/grup-maig.cat\/index.php?rest_route=\/wp\/v2\/pages\/14\/revisions"}],"predecessor-version":[{"id":5423,"href":"https:\/\/grup-maig.cat\/index.php?rest_route=\/wp\/v2\/pages\/14\/revisions\/5423"}],"up":[{"embeddable":true,"href":"https:\/\/grup-maig.cat\/index.php?rest_route=\/wp\/v2\/pages\/2"}],"wp:attachment":[{"href":"https:\/\/grup-maig.cat\/index.php?rest_route=%2Fwp%2Fv2%2Fmedia&parent=14"}],"curies":[{"name":"wp","href":"https:\/\/api.w.org\/{rel}","templated":true}]}}