{"id":11,"date":"2010-10-26T20:12:02","date_gmt":"2010-10-26T20:12:02","guid":{"rendered":"https:\/\/grup-maig.cat\/?page_id=11"},"modified":"2019-04-10T21:42:46","modified_gmt":"2019-04-10T21:42:46","slug":"maig","status":"publish","type":"page","link":"https:\/\/grup-maig.cat\/?page_id=11","title":{"rendered":"Maig"},"content":{"rendered":"<p>La <strong>Maig<\/strong> es va fundar l&#8217;any <strong>1965<\/strong> com a colla gran i \u00e9s l&#8217;origen de l&#8217;actual <strong>Grup Sardanista Maig<\/strong>. Des del 1987 al 2012 va competir al B\u00e0sic d&#8217;Honor de Catalunya.<\/p>\n<p>Durant els m\u00e9s de 52 anys d\u2019exist\u00e8ncia ha participat en tots els campionats i ha obtingut resultats destacats, com ara diverses 3res posicions al <strong>Campionat de Catalunya de Llu\u00efment<\/strong> de 2008 a 2012, colla completa 2009 i diversos sotscampionats i terceres posicions al <strong>Campionat de Punts Lliures<\/strong>.<\/p>\n<p>Tamb\u00e9 ha actuat en diversos esdeveniments, com la inauguraci\u00f3 dels Jocs Ol\u00edmpics de Barcelona\u201992, als partits del Trofeu Joan Gamper del FC Barcelona, als partits de la selecci\u00f3 catalana de futbol, al Festival de la Dansa de Basilea o al Festival Internacional Total Festum de Montpellier, entre d\u2019altres.<\/p>\n<p>L&#8217;any 2018 torna a competir al Campionat de Catalunya, per\u00f2 ara a la categoria juvenil i per tant amb dansaires amb edats compreses entre els 12 i 18 anys.<\/p>\n<p><strong>Categoria<\/strong>: Juvenil<\/p>\n<p><strong>Competici\u00f3<\/strong>: Territorial Barcelona Ciutat, Campionat de Catalunya de Llu\u00efment, Punts lliures i revesses<\/p>\n<p><strong>Fundaci\u00f3<\/strong>: 1965<\/p>\n<p><strong>Capdansers<\/strong>: Tere Villalba, Pau Nieto i Laura Figuerola<\/p>\n<p><strong>Vestuari<\/strong>: Nois (camisa vermella, samarreta negra, espardenyes blanques i pantal\u00f3 negre)<\/p>\n<p>Noies (samarreta vermella, faldilla blanca, espardenyes blanques i cintur\u00f3 vermell)<\/p>\n<div class=\"tiled-gallery type-rectangular tiled-gallery-unresized\" data-original-width=\"500\" data-carousel-extra='{&quot;blog_id&quot;:1,&quot;permalink&quot;:&quot;https:\\\/\\\/grup-maig.cat\\\/?page_id=11&quot;,&quot;likes_blog_id&quot;:17239205}' itemscope itemtype=\"http:\/\/schema.org\/ImageGallery\" > <div class=\"gallery-row\" style=\"width: 500px; height: 244px;\" data-original-width=\"500\" data-original-height=\"244\" > <div class=\"gallery-group images-1\" style=\"width: 330px; height: 244px;\" data-original-width=\"330\" data-original-height=\"244\" > <div class=\"tiled-gallery-item tiled-gallery-item-large\" itemprop=\"associatedMedia\" itemscope itemtype=\"http:\/\/schema.org\/ImageObject\"> <a href=\"https:\/\/grup-maig.cat\/?attachment_id=5416\" border=\"0\" itemprop=\"url\"> <meta itemprop=\"width\" content=\"326\"> <meta itemprop=\"height\" content=\"240\"> <img decoding=\"async\" class=\"\" data-attachment-id=\"5416\" data-orig-file=\"https:\/\/grup-maig.cat\/wp-content\/uploads\/2010\/10\/1965-Colla-Maig.jpg\" data-orig-size=\"2796,2062\" data-comments-opened=\"1\" data-image-meta=\"{&quot;aperture&quot;:&quot;0&quot;,&quot;credit&quot;:&quot;&quot;,&quot;camera&quot;:&quot;&quot;,&quot;caption&quot;:&quot;&quot;,&quot;created_timestamp&quot;:&quot;0&quot;,&quot;copyright&quot;:&quot;&quot;,&quot;focal_length&quot;:&quot;0&quot;,&quot;iso&quot;:&quot;0&quot;,&quot;shutter_speed&quot;:&quot;0&quot;,&quot;title&quot;:&quot;&quot;,&quot;orientation&quot;:&quot;1&quot;}\" data-image-title=\"1965 Colla Maig\" data-image-description=\"\" data-medium-file=\"https:\/\/grup-maig.cat\/wp-content\/uploads\/2010\/10\/1965-Colla-Maig-300x221.jpg\" data-large-file=\"https:\/\/grup-maig.cat\/wp-content\/uploads\/2010\/10\/1965-Colla-Maig-1024x755.jpg\" src=\"https:\/\/i0.wp.com\/grup-maig.cat\/wp-content\/uploads\/2010\/10\/1965-Colla-Maig.jpg?w=326&#038;h=240&#038;ssl=1\" srcset=\"https:\/\/grup-maig.cat\/wp-content\/uploads\/2010\/10\/1965-Colla-Maig.jpg 2796w, https:\/\/grup-maig.cat\/wp-content\/uploads\/2010\/10\/1965-Colla-Maig-300x221.jpg 300w, https:\/\/grup-maig.cat\/wp-content\/uploads\/2010\/10\/1965-Colla-Maig-768x566.jpg 768w, https:\/\/grup-maig.cat\/wp-content\/uploads\/2010\/10\/1965-Colla-Maig-1024x755.jpg 1024w, https:\/\/grup-maig.cat\/wp-content\/uploads\/2010\/10\/1965-Colla-Maig-150x111.jpg 150w, https:\/\/grup-maig.cat\/wp-content\/uploads\/2010\/10\/1965-Colla-Maig-400x295.jpg 400w\" width=\"326\" height=\"240\" loading=\"lazy\" data-original-width=\"326\" data-original-height=\"240\" itemprop=\"http:\/\/schema.org\/image\" title=\"1965 Colla Maig\" alt=\"1965 Colla Maig\" style=\"width: 326px; height: 240px;\" \/> <\/a> <\/div> <\/div> <!-- close group --> <div class=\"gallery-group images-2\" style=\"width: 170px; height: 244px;\" data-original-width=\"170\" data-original-height=\"244\" > <div class=\"tiled-gallery-item tiled-gallery-item-small\" itemprop=\"associatedMedia\" itemscope itemtype=\"http:\/\/schema.org\/ImageObject\"> <a href=\"https:\/\/grup-maig.cat\/?attachment_id=2928\" border=\"0\" itemprop=\"url\"> <meta itemprop=\"width\" content=\"166\"> <meta itemprop=\"height\" content=\"125\"> <img decoding=\"async\" class=\"\" data-attachment-id=\"2928\" data-orig-file=\"https:\/\/grup-maig.cat\/wp-content\/uploads\/2010\/10\/maig.jpg\" data-orig-size=\"450,338\" data-comments-opened=\"1\" data-image-meta=\"{&quot;aperture&quot;:&quot;0&quot;,&quot;credit&quot;:&quot;&quot;,&quot;camera&quot;:&quot;&quot;,&quot;caption&quot;:&quot;&quot;,&quot;created_timestamp&quot;:&quot;0&quot;,&quot;copyright&quot;:&quot;&quot;,&quot;focal_length&quot;:&quot;0&quot;,&quot;iso&quot;:&quot;0&quot;,&quot;shutter_speed&quot;:&quot;0&quot;,&quot;title&quot;:&quot;&quot;}\" data-image-title=\"maig\" data-image-description=\"\" data-medium-file=\"https:\/\/grup-maig.cat\/wp-content\/uploads\/2010\/10\/maig-300x225.jpg\" data-large-file=\"https:\/\/grup-maig.cat\/wp-content\/uploads\/2010\/10\/maig.jpg\" src=\"https:\/\/i0.wp.com\/grup-maig.cat\/wp-content\/uploads\/2010\/10\/maig.jpg?w=166&#038;h=125&#038;ssl=1\" srcset=\"https:\/\/grup-maig.cat\/wp-content\/uploads\/2010\/10\/maig.jpg 450w, https:\/\/grup-maig.cat\/wp-content\/uploads\/2010\/10\/maig-300x225.jpg 300w, https:\/\/grup-maig.cat\/wp-content\/uploads\/2010\/10\/maig-150x112.jpg 150w, https:\/\/grup-maig.cat\/wp-content\/uploads\/2010\/10\/maig-400x300.jpg 400w\" width=\"166\" height=\"125\" loading=\"lazy\" data-original-width=\"166\" data-original-height=\"125\" itemprop=\"http:\/\/schema.org\/image\" title=\"maig\" alt=\"maig\" style=\"width: 166px; height: 125px;\" \/> <\/a> <\/div> <div class=\"tiled-gallery-item tiled-gallery-item-small\" itemprop=\"associatedMedia\" itemscope itemtype=\"http:\/\/schema.org\/ImageObject\"> <a href=\"https:\/\/grup-maig.cat\/?attachment_id=2537\" border=\"0\" itemprop=\"url\"> <meta itemprop=\"width\" content=\"166\"> <meta itemprop=\"height\" content=\"111\"> <img decoding=\"async\" class=\"\" data-attachment-id=\"2537\" data-orig-file=\"https:\/\/grup-maig.cat\/wp-content\/uploads\/2012\/05\/Lleida-3.jpg\" data-orig-size=\"500,335\" data-comments-opened=\"1\" data-image-meta=\"{&quot;aperture&quot;:&quot;10&quot;,&quot;credit&quot;:&quot;&quot;,&quot;camera&quot;:&quot;NIKON D60&quot;,&quot;caption&quot;:&quot;&quot;,&quot;created_timestamp&quot;:&quot;1336913568&quot;,&quot;copyright&quot;:&quot;&quot;,&quot;focal_length&quot;:&quot;55&quot;,&quot;iso&quot;:&quot;100&quot;,&quot;shutter_speed&quot;:&quot;0.0025&quot;,&quot;title&quot;:&quot;&quot;}\" data-image-title=\"Lleida 3\" data-image-description=\"\" data-medium-file=\"https:\/\/grup-maig.cat\/wp-content\/uploads\/2012\/05\/Lleida-3-300x201.jpg\" data-large-file=\"https:\/\/grup-maig.cat\/wp-content\/uploads\/2012\/05\/Lleida-3.jpg\" src=\"https:\/\/i0.wp.com\/grup-maig.cat\/wp-content\/uploads\/2012\/05\/Lleida-3.jpg?w=166&#038;h=111&#038;ssl=1\" srcset=\"https:\/\/grup-maig.cat\/wp-content\/uploads\/2012\/05\/Lleida-3.jpg 500w, https:\/\/grup-maig.cat\/wp-content\/uploads\/2012\/05\/Lleida-3-300x201.jpg 300w, https:\/\/grup-maig.cat\/wp-content\/uploads\/2012\/05\/Lleida-3-150x100.jpg 150w, https:\/\/grup-maig.cat\/wp-content\/uploads\/2012\/05\/Lleida-3-400x268.jpg 400w\" width=\"166\" height=\"111\" loading=\"lazy\" data-original-width=\"166\" data-original-height=\"111\" itemprop=\"http:\/\/schema.org\/image\" title=\"Lleida 3\" alt=\"Lleida 3\" style=\"width: 166px; height: 111px;\" \/> <\/a> <\/div> <\/div> <!-- close group --> <\/div> <!-- close row --> <div class=\"gallery-row\" style=\"width: 500px; height: 113px;\" data-original-width=\"500\" data-original-height=\"113\" > <div class=\"gallery-group images-1\" style=\"width: 167px; height: 113px;\" data-original-width=\"167\" data-original-height=\"113\" > <div class=\"tiled-gallery-item tiled-gallery-item-small\" itemprop=\"associatedMedia\" itemscope itemtype=\"http:\/\/schema.org\/ImageObject\"> <a href=\"https:\/\/grup-maig.cat\/?attachment_id=455\" border=\"0\" itemprop=\"url\"> <meta itemprop=\"width\" content=\"163\"> <meta itemprop=\"height\" content=\"109\"> <img decoding=\"async\" class=\"\" data-attachment-id=\"455\" data-orig-file=\"https:\/\/grup-maig.cat\/wp-content\/uploads\/2010\/10\/galop1.jpg\" data-orig-size=\"500,336\" data-comments-opened=\"1\" data-image-meta=\"{&quot;aperture&quot;:&quot;0&quot;,&quot;credit&quot;:&quot;&quot;,&quot;camera&quot;:&quot;&quot;,&quot;caption&quot;:&quot;&quot;,&quot;created_timestamp&quot;:&quot;0&quot;,&quot;copyright&quot;:&quot;&quot;,&quot;focal_length&quot;:&quot;0&quot;,&quot;iso&quot;:&quot;0&quot;,&quot;shutter_speed&quot;:&quot;0&quot;,&quot;title&quot;:&quot;&quot;}\" data-image-title=\"galop\" data-image-description=\"\" data-medium-file=\"https:\/\/grup-maig.cat\/wp-content\/uploads\/2010\/10\/galop1-300x201.jpg\" data-large-file=\"https:\/\/grup-maig.cat\/wp-content\/uploads\/2010\/10\/galop1.jpg\" src=\"https:\/\/i0.wp.com\/grup-maig.cat\/wp-content\/uploads\/2010\/10\/galop1.jpg?w=163&#038;h=109&#038;ssl=1\" srcset=\"https:\/\/grup-maig.cat\/wp-content\/uploads\/2010\/10\/galop1.jpg 500w, https:\/\/grup-maig.cat\/wp-content\/uploads\/2010\/10\/galop1-300x201.jpg 300w, https:\/\/grup-maig.cat\/wp-content\/uploads\/2010\/10\/galop1-150x100.jpg 150w, https:\/\/grup-maig.cat\/wp-content\/uploads\/2010\/10\/galop1-400x268.jpg 400w\" width=\"163\" height=\"109\" loading=\"lazy\" data-original-width=\"163\" data-original-height=\"109\" itemprop=\"http:\/\/schema.org\/image\" title=\"galop\" alt=\"galop\" style=\"width: 163px; height: 109px;\" \/> <\/a> <\/div> <\/div> <!-- close group --> <div class=\"gallery-group images-1\" style=\"width: 167px; height: 113px;\" data-original-width=\"167\" data-original-height=\"113\" > <div class=\"tiled-gallery-item tiled-gallery-item-small\" itemprop=\"associatedMedia\" itemscope itemtype=\"http:\/\/schema.org\/ImageObject\"> <a href=\"https:\/\/grup-maig.cat\/?attachment_id=3302\" border=\"0\" itemprop=\"url\"> <meta itemprop=\"width\" content=\"163\"> <meta itemprop=\"height\" content=\"109\"> <img decoding=\"async\" class=\"\" data-attachment-id=\"3302\" data-orig-file=\"https:\/\/grup-maig.cat\/wp-content\/uploads\/2014\/07\/10372295_511708892295492_416580829209644175_n.jpg\" data-orig-size=\"960,645\" data-comments-opened=\"1\" data-image-meta=\"{&quot;aperture&quot;:&quot;0&quot;,&quot;credit&quot;:&quot;&quot;,&quot;camera&quot;:&quot;&quot;,&quot;caption&quot;:&quot;&quot;,&quot;created_timestamp&quot;:&quot;0&quot;,&quot;copyright&quot;:&quot;&quot;,&quot;focal_length&quot;:&quot;0&quot;,&quot;iso&quot;:&quot;0&quot;,&quot;shutter_speed&quot;:&quot;0&quot;,&quot;title&quot;:&quot;&quot;}\" data-image-title=\"\" data-image-description=\"\" data-medium-file=\"https:\/\/grup-maig.cat\/wp-content\/uploads\/2014\/07\/10372295_511708892295492_416580829209644175_n-300x201.jpg\" data-large-file=\"https:\/\/grup-maig.cat\/wp-content\/uploads\/2014\/07\/10372295_511708892295492_416580829209644175_n.jpg\" src=\"https:\/\/i0.wp.com\/grup-maig.cat\/wp-content\/uploads\/2014\/07\/10372295_511708892295492_416580829209644175_n.jpg?w=163&#038;h=109&#038;ssl=1\" srcset=\"https:\/\/grup-maig.cat\/wp-content\/uploads\/2014\/07\/10372295_511708892295492_416580829209644175_n.jpg 960w, https:\/\/grup-maig.cat\/wp-content\/uploads\/2014\/07\/10372295_511708892295492_416580829209644175_n-300x201.jpg 300w, https:\/\/grup-maig.cat\/wp-content\/uploads\/2014\/07\/10372295_511708892295492_416580829209644175_n-150x100.jpg 150w, https:\/\/grup-maig.cat\/wp-content\/uploads\/2014\/07\/10372295_511708892295492_416580829209644175_n-400x268.jpg 400w\" width=\"163\" height=\"109\" loading=\"lazy\" data-original-width=\"163\" data-original-height=\"109\" itemprop=\"http:\/\/schema.org\/image\" title=\"\" alt=\"\" style=\"width: 163px; height: 109px;\" \/> <\/a> <\/div> <\/div> <!-- close group --> <div class=\"gallery-group images-1\" style=\"width: 166px; height: 113px;\" data-original-width=\"166\" data-original-height=\"113\" > <div class=\"tiled-gallery-item tiled-gallery-item-small\" itemprop=\"associatedMedia\" itemscope itemtype=\"http:\/\/schema.org\/ImageObject\"> <a href=\"https:\/\/grup-maig.cat\/?attachment_id=456\" border=\"0\" itemprop=\"url\"> <meta itemprop=\"width\" content=\"162\"> <meta itemprop=\"height\" content=\"109\"> <img decoding=\"async\" class=\"\" data-attachment-id=\"456\" data-orig-file=\"https:\/\/grup-maig.cat\/wp-content\/uploads\/2010\/10\/Maig.jpg\" data-orig-size=\"500,336\" data-comments-opened=\"1\" data-image-meta=\"{&quot;aperture&quot;:&quot;0&quot;,&quot;credit&quot;:&quot;&quot;,&quot;camera&quot;:&quot;&quot;,&quot;caption&quot;:&quot;&quot;,&quot;created_timestamp&quot;:&quot;0&quot;,&quot;copyright&quot;:&quot;&quot;,&quot;focal_length&quot;:&quot;0&quot;,&quot;iso&quot;:&quot;0&quot;,&quot;shutter_speed&quot;:&quot;0&quot;,&quot;title&quot;:&quot;&quot;}\" data-image-title=\"Maig\" data-image-description=\"\" data-medium-file=\"https:\/\/grup-maig.cat\/wp-content\/uploads\/2010\/10\/Maig-300x201.jpg\" data-large-file=\"https:\/\/grup-maig.cat\/wp-content\/uploads\/2010\/10\/Maig.jpg\" src=\"https:\/\/i0.wp.com\/grup-maig.cat\/wp-content\/uploads\/2010\/10\/Maig.jpg?w=162&#038;h=109&#038;ssl=1\" srcset=\"https:\/\/grup-maig.cat\/wp-content\/uploads\/2010\/10\/Maig.jpg 500w, https:\/\/grup-maig.cat\/wp-content\/uploads\/2010\/10\/Maig-300x201.jpg 300w, https:\/\/grup-maig.cat\/wp-content\/uploads\/2010\/10\/Maig-150x100.jpg 150w, https:\/\/grup-maig.cat\/wp-content\/uploads\/2010\/10\/Maig-400x268.jpg 400w\" width=\"162\" height=\"109\" loading=\"lazy\" data-original-width=\"162\" data-original-height=\"109\" itemprop=\"http:\/\/schema.org\/image\" title=\"Maig\" alt=\"Maig\" style=\"width: 162px; height: 109px;\" \/> <\/a> <\/div> <\/div> <!-- close group --> <\/div> <!-- close row --> <\/div>\n","protected":false},"excerpt":{"rendered":"<p>La Maig es va fundar l&#8217;any 1965 com a colla gran i \u00e9s l&#8217;origen de l&#8217;actual Grup Sardanista Maig. Des del 1987 al 2012 va competir al B\u00e0sic d&#8217;Honor de Catalunya. Durant els m\u00e9s de 52 anys d\u2019exist\u00e8ncia ha participat en tots els campionats i ha obtingut resultats destacats, com ara diverses 3res posicions al [&hellip;]<\/p>\n","protected":false},"author":1,"featured_media":0,"parent":2,"menu_order":4,"comment_status":"open","ping_status":"closed","template":"","meta":{"footnotes":""},"class_list":["post-11","page","type-page","status-publish","hentry"],"jetpack_sharing_enabled":true,"jetpack_shortlink":"https:\/\/wp.me\/P1akHH-b","_links":{"self":[{"href":"https:\/\/grup-maig.cat\/index.php?rest_route=\/wp\/v2\/pages\/11","targetHints":{"allow":["GET"]}}],"collection":[{"href":"https:\/\/grup-maig.cat\/index.php?rest_route=\/wp\/v2\/pages"}],"about":[{"href":"https:\/\/grup-maig.cat\/index.php?rest_route=\/wp\/v2\/types\/page"}],"author":[{"embeddable":true,"href":"https:\/\/grup-maig.cat\/index.php?rest_route=\/wp\/v2\/users\/1"}],"replies":[{"embeddable":true,"href":"https:\/\/grup-maig.cat\/index.php?rest_route=%2Fwp%2Fv2%2Fcomments&post=11"}],"version-history":[{"count":28,"href":"https:\/\/grup-maig.cat\/index.php?rest_route=\/wp\/v2\/pages\/11\/revisions"}],"predecessor-version":[{"id":6273,"href":"https:\/\/grup-maig.cat\/index.php?rest_route=\/wp\/v2\/pages\/11\/revisions\/6273"}],"up":[{"embeddable":true,"href":"https:\/\/grup-maig.cat\/index.php?rest_route=\/wp\/v2\/pages\/2"}],"wp:attachment":[{"href":"https:\/\/grup-maig.cat\/index.php?rest_route=%2Fwp%2Fv2%2Fmedia&parent=11"}],"curies":[{"name":"wp","href":"https:\/\/api.w.org\/{rel}","templated":true}]}}