{"id":105,"date":"2010-10-30T10:54:18","date_gmt":"2010-10-30T10:54:18","guid":{"rendered":"https:\/\/grup-maig.cat\/?page_id=105"},"modified":"2025-08-16T15:29:56","modified_gmt":"2025-08-16T15:29:56","slug":"xiroia-2","status":"publish","type":"page","link":"https:\/\/grup-maig.cat\/?page_id=105","title":{"rendered":"Xiroia"},"content":{"rendered":"<p>La <strong>Xiroia<\/strong> es va fundar el 1982\u00a0 com a colla infantil del <strong>Grup Sardanista Maig<\/strong> i des d&#8217;aleshores n&#8217;han format desenes de nens i nenes.Durant tots aquests anys ha obtingut molts bons resultats competitius.<\/p>\n<p>La colla Xiroia va celebrar el seu 40\u00e8 aniversari l&#8217;any 2022.\u00a0 El 2024 es va clasificar en 3r lloc en el Campionat de Catalunya Infantil de lluiment, 4t lloc en Punts Lliures i 2n lloc en Revesses. Durant aquests mes de 40 any d&#8217;exist\u00e8ncia ha obtingut 8 Campionats de Catalunya Infantil de Llu\u00efment\u00a0 (1992, 1997, 1998, 1999, 2003, 2004, 2008 i 2023), 6 Campionats de Punts Lliures, sent la colla que m\u00e9s cops l\u2019ha guanyat (1997, 1998, 1999, 2016, 2017 i 2023), 11 de Revesses tamb\u00e9 \u00e9s la colla que t\u00e9 m\u00e9s t\u00edtols al sac (1990, 1991, 1992, 1999, 2000, 2001, 2004, 2005, 2006, 2007 i 2008), 8 t\u00edtols de Colla Completa (1985, 1990, 1992, 1997, 1998, 1999, 2008, 2017 i 2023).<\/p>\n<p>&nbsp;<\/p>\n<p><strong>Categoria<\/strong>: Infantil<\/p>\n<p><strong>Competici\u00f3<\/strong>: Territorial de Barcelona Ciutat i Campionat de Catalunya de Llu\u00efment, Punts lliures i Revesses i Copa Catalunya<\/p>\n<p><strong>Fundaci\u00f3<\/strong>: 1982<\/p>\n<p><strong>Vestuari<\/strong>: Nois (polo vermell, pantalons blancs, espardenyes vermelles)<\/p>\n<p>Noies (samarreta vermella, faldilla blanca, espardenyes vermelles i cintur\u00f3 vermell)<\/p>\n<div class=\"tiled-gallery type-rectangular tiled-gallery-unresized\" data-original-width=\"500\" data-carousel-extra='{&quot;blog_id&quot;:1,&quot;permalink&quot;:&quot;https:\\\/\\\/grup-maig.cat\\\/?page_id=105&quot;,&quot;likes_blog_id&quot;:17239205}' itemscope itemtype=\"http:\/\/schema.org\/ImageGallery\" > <div class=\"gallery-row\" style=\"width: 500px; height: 242px;\" data-original-width=\"500\" data-original-height=\"242\" > <div class=\"gallery-group images-1\" style=\"width: 321px; height: 242px;\" data-original-width=\"321\" data-original-height=\"242\" > <div class=\"tiled-gallery-item tiled-gallery-item-large\" itemprop=\"associatedMedia\" itemscope itemtype=\"http:\/\/schema.org\/ImageObject\"> <a href=\"https:\/\/grup-maig.cat\/?attachment_id=2930\" border=\"0\" itemprop=\"url\"> <meta itemprop=\"width\" content=\"317\"> <meta itemprop=\"height\" content=\"238\"> <img decoding=\"async\" class=\"\" data-attachment-id=\"2930\" data-orig-file=\"https:\/\/grup-maig.cat\/wp-content\/uploads\/2010\/10\/xiroia.jpg\" data-orig-size=\"450,338\" data-comments-opened=\"1\" data-image-meta=\"{&quot;aperture&quot;:&quot;0&quot;,&quot;credit&quot;:&quot;&quot;,&quot;camera&quot;:&quot;&quot;,&quot;caption&quot;:&quot;&quot;,&quot;created_timestamp&quot;:&quot;0&quot;,&quot;copyright&quot;:&quot;&quot;,&quot;focal_length&quot;:&quot;0&quot;,&quot;iso&quot;:&quot;0&quot;,&quot;shutter_speed&quot;:&quot;0&quot;,&quot;title&quot;:&quot;&quot;}\" data-image-title=\"xiroia\" data-image-description=\"\" data-medium-file=\"https:\/\/grup-maig.cat\/wp-content\/uploads\/2010\/10\/xiroia-300x225.jpg\" data-large-file=\"https:\/\/grup-maig.cat\/wp-content\/uploads\/2010\/10\/xiroia.jpg\" src=\"https:\/\/i0.wp.com\/grup-maig.cat\/wp-content\/uploads\/2010\/10\/xiroia.jpg?w=317&#038;h=238&#038;ssl=1\" srcset=\"https:\/\/grup-maig.cat\/wp-content\/uploads\/2010\/10\/xiroia.jpg 450w, https:\/\/grup-maig.cat\/wp-content\/uploads\/2010\/10\/xiroia-300x225.jpg 300w, https:\/\/grup-maig.cat\/wp-content\/uploads\/2010\/10\/xiroia-150x112.jpg 150w, https:\/\/grup-maig.cat\/wp-content\/uploads\/2010\/10\/xiroia-400x300.jpg 400w\" width=\"317\" height=\"238\" loading=\"lazy\" data-original-width=\"317\" data-original-height=\"238\" itemprop=\"http:\/\/schema.org\/image\" title=\"xiroia\" alt=\"xiroia\" style=\"width: 317px; height: 238px;\" \/> <\/a> <\/div> <\/div> <!-- close group --> <div class=\"gallery-group images-2\" style=\"width: 179px; height: 242px;\" data-original-width=\"179\" data-original-height=\"242\" > <div class=\"tiled-gallery-item tiled-gallery-item-small\" itemprop=\"associatedMedia\" itemscope itemtype=\"http:\/\/schema.org\/ImageObject\"> <a href=\"https:\/\/grup-maig.cat\/?attachment_id=3119\" border=\"0\" itemprop=\"url\"> <meta itemprop=\"width\" content=\"175\"> <meta itemprop=\"height\" content=\"117\"> <img decoding=\"async\" class=\"\" data-attachment-id=\"3119\" data-orig-file=\"https:\/\/grup-maig.cat\/wp-content\/uploads\/2014\/05\/\u00d2dena1.jpg\" data-orig-size=\"500,336\" data-comments-opened=\"1\" data-image-meta=\"{&quot;aperture&quot;:&quot;9&quot;,&quot;credit&quot;:&quot;&quot;,&quot;camera&quot;:&quot;NIKON D60&quot;,&quot;caption&quot;:&quot;&quot;,&quot;created_timestamp&quot;:&quot;1398949222&quot;,&quot;copyright&quot;:&quot;&quot;,&quot;focal_length&quot;:&quot;38&quot;,&quot;iso&quot;:&quot;100&quot;,&quot;shutter_speed&quot;:&quot;0.003125&quot;,&quot;title&quot;:&quot;&quot;}\" data-image-title=\"\u00d2dena1\" data-image-description=\"\" data-medium-file=\"https:\/\/grup-maig.cat\/wp-content\/uploads\/2014\/05\/\u00d2dena1-300x201.jpg\" data-large-file=\"https:\/\/grup-maig.cat\/wp-content\/uploads\/2014\/05\/\u00d2dena1.jpg\" src=\"https:\/\/i0.wp.com\/grup-maig.cat\/wp-content\/uploads\/2014\/05\/%C3%92dena1.jpg?w=175&#038;h=117&#038;ssl=1\" width=\"175\" height=\"117\" loading=\"lazy\" data-original-width=\"175\" data-original-height=\"117\" itemprop=\"http:\/\/schema.org\/image\" title=\"\u00d2dena1\" alt=\"\u00d2dena1\" style=\"width: 175px; height: 117px;\" \/> <\/a> <\/div> <div class=\"tiled-gallery-item tiled-gallery-item-small\" itemprop=\"associatedMedia\" itemscope itemtype=\"http:\/\/schema.org\/ImageObject\"> <a href=\"https:\/\/grup-maig.cat\/?attachment_id=5329\" border=\"0\" itemprop=\"url\"> <meta itemprop=\"width\" content=\"175\"> <meta itemprop=\"height\" content=\"117\"> <img decoding=\"async\" class=\"\" data-attachment-id=\"5329\" data-orig-file=\"https:\/\/grup-maig.cat\/wp-content\/uploads\/2017\/11\/valls2.jpg\" data-orig-size=\"2048,1374\" data-comments-opened=\"1\" data-image-meta=\"{&quot;aperture&quot;:&quot;0&quot;,&quot;credit&quot;:&quot;&quot;,&quot;camera&quot;:&quot;&quot;,&quot;caption&quot;:&quot;&quot;,&quot;created_timestamp&quot;:&quot;0&quot;,&quot;copyright&quot;:&quot;&quot;,&quot;focal_length&quot;:&quot;0&quot;,&quot;iso&quot;:&quot;0&quot;,&quot;shutter_speed&quot;:&quot;0&quot;,&quot;title&quot;:&quot;&quot;,&quot;orientation&quot;:&quot;0&quot;}\" data-image-title=\"valls2\" data-image-description=\"\" data-medium-file=\"https:\/\/grup-maig.cat\/wp-content\/uploads\/2017\/11\/valls2-300x201.jpg\" data-large-file=\"https:\/\/grup-maig.cat\/wp-content\/uploads\/2017\/11\/valls2-1024x687.jpg\" src=\"https:\/\/i0.wp.com\/grup-maig.cat\/wp-content\/uploads\/2017\/11\/valls2.jpg?w=175&#038;h=117&#038;ssl=1\" srcset=\"https:\/\/grup-maig.cat\/wp-content\/uploads\/2017\/11\/valls2.jpg 2048w, https:\/\/grup-maig.cat\/wp-content\/uploads\/2017\/11\/valls2-300x201.jpg 300w, https:\/\/grup-maig.cat\/wp-content\/uploads\/2017\/11\/valls2-768x515.jpg 768w, https:\/\/grup-maig.cat\/wp-content\/uploads\/2017\/11\/valls2-1024x687.jpg 1024w, https:\/\/grup-maig.cat\/wp-content\/uploads\/2017\/11\/valls2-150x101.jpg 150w, https:\/\/grup-maig.cat\/wp-content\/uploads\/2017\/11\/valls2-400x268.jpg 400w\" width=\"175\" height=\"117\" loading=\"lazy\" data-original-width=\"175\" data-original-height=\"117\" itemprop=\"http:\/\/schema.org\/image\" title=\"valls2\" alt=\"valls2\" style=\"width: 175px; height: 117px;\" \/> <\/a> <\/div> <\/div> <!-- close group --> <\/div> <!-- close row --> <div class=\"gallery-row\" style=\"width: 500px; height: 113px;\" data-original-width=\"500\" data-original-height=\"113\" > <div class=\"gallery-group images-1\" style=\"width: 167px; height: 113px;\" data-original-width=\"167\" data-original-height=\"113\" > <div class=\"tiled-gallery-item tiled-gallery-item-small\" itemprop=\"associatedMedia\" itemscope itemtype=\"http:\/\/schema.org\/ImageObject\"> <a href=\"https:\/\/grup-maig.cat\/?attachment_id=5328\" border=\"0\" itemprop=\"url\"> <meta itemprop=\"width\" content=\"163\"> <meta itemprop=\"height\" content=\"109\"> <img decoding=\"async\" class=\"\" data-attachment-id=\"5328\" data-orig-file=\"https:\/\/grup-maig.cat\/wp-content\/uploads\/2017\/11\/valls1.jpg\" data-orig-size=\"2048,1374\" data-comments-opened=\"1\" data-image-meta=\"{&quot;aperture&quot;:&quot;0&quot;,&quot;credit&quot;:&quot;&quot;,&quot;camera&quot;:&quot;&quot;,&quot;caption&quot;:&quot;&quot;,&quot;created_timestamp&quot;:&quot;0&quot;,&quot;copyright&quot;:&quot;&quot;,&quot;focal_length&quot;:&quot;0&quot;,&quot;iso&quot;:&quot;0&quot;,&quot;shutter_speed&quot;:&quot;0&quot;,&quot;title&quot;:&quot;&quot;,&quot;orientation&quot;:&quot;0&quot;}\" data-image-title=\"valls1\" data-image-description=\"\" data-medium-file=\"https:\/\/grup-maig.cat\/wp-content\/uploads\/2017\/11\/valls1-300x201.jpg\" data-large-file=\"https:\/\/grup-maig.cat\/wp-content\/uploads\/2017\/11\/valls1-1024x687.jpg\" src=\"https:\/\/i0.wp.com\/grup-maig.cat\/wp-content\/uploads\/2017\/11\/valls1.jpg?w=163&#038;h=109&#038;ssl=1\" srcset=\"https:\/\/grup-maig.cat\/wp-content\/uploads\/2017\/11\/valls1.jpg 2048w, https:\/\/grup-maig.cat\/wp-content\/uploads\/2017\/11\/valls1-300x201.jpg 300w, https:\/\/grup-maig.cat\/wp-content\/uploads\/2017\/11\/valls1-768x515.jpg 768w, https:\/\/grup-maig.cat\/wp-content\/uploads\/2017\/11\/valls1-1024x687.jpg 1024w, https:\/\/grup-maig.cat\/wp-content\/uploads\/2017\/11\/valls1-150x101.jpg 150w, https:\/\/grup-maig.cat\/wp-content\/uploads\/2017\/11\/valls1-400x268.jpg 400w\" width=\"163\" height=\"109\" loading=\"lazy\" data-original-width=\"163\" data-original-height=\"109\" itemprop=\"http:\/\/schema.org\/image\" title=\"valls1\" alt=\"valls1\" style=\"width: 163px; height: 109px;\" \/> <\/a> <\/div> <\/div> <!-- close group --> <div class=\"gallery-group images-1\" style=\"width: 167px; height: 113px;\" data-original-width=\"167\" data-original-height=\"113\" > <div class=\"tiled-gallery-item tiled-gallery-item-small\" itemprop=\"associatedMedia\" itemscope itemtype=\"http:\/\/schema.org\/ImageObject\"> <a href=\"https:\/\/grup-maig.cat\/?attachment_id=5239\" border=\"0\" itemprop=\"url\"> <meta itemprop=\"width\" content=\"163\"> <meta itemprop=\"height\" content=\"109\"> <img decoding=\"async\" class=\"\" data-attachment-id=\"5239\" data-orig-file=\"https:\/\/grup-maig.cat\/wp-content\/uploads\/2017\/09\/sitges3.jpg\" data-orig-size=\"2048,1374\" data-comments-opened=\"1\" data-image-meta=\"{&quot;aperture&quot;:&quot;0&quot;,&quot;credit&quot;:&quot;&quot;,&quot;camera&quot;:&quot;&quot;,&quot;caption&quot;:&quot;&quot;,&quot;created_timestamp&quot;:&quot;0&quot;,&quot;copyright&quot;:&quot;&quot;,&quot;focal_length&quot;:&quot;0&quot;,&quot;iso&quot;:&quot;0&quot;,&quot;shutter_speed&quot;:&quot;0&quot;,&quot;title&quot;:&quot;&quot;,&quot;orientation&quot;:&quot;0&quot;}\" data-image-title=\"sitges3\" data-image-description=\"\" data-medium-file=\"https:\/\/grup-maig.cat\/wp-content\/uploads\/2017\/09\/sitges3-300x201.jpg\" data-large-file=\"https:\/\/grup-maig.cat\/wp-content\/uploads\/2017\/09\/sitges3-1024x687.jpg\" src=\"https:\/\/i0.wp.com\/grup-maig.cat\/wp-content\/uploads\/2017\/09\/sitges3.jpg?w=163&#038;h=109&#038;ssl=1\" srcset=\"https:\/\/grup-maig.cat\/wp-content\/uploads\/2017\/09\/sitges3.jpg 2048w, https:\/\/grup-maig.cat\/wp-content\/uploads\/2017\/09\/sitges3-300x201.jpg 300w, https:\/\/grup-maig.cat\/wp-content\/uploads\/2017\/09\/sitges3-768x515.jpg 768w, https:\/\/grup-maig.cat\/wp-content\/uploads\/2017\/09\/sitges3-1024x687.jpg 1024w, https:\/\/grup-maig.cat\/wp-content\/uploads\/2017\/09\/sitges3-150x101.jpg 150w, https:\/\/grup-maig.cat\/wp-content\/uploads\/2017\/09\/sitges3-400x268.jpg 400w\" width=\"163\" height=\"109\" loading=\"lazy\" data-original-width=\"163\" data-original-height=\"109\" itemprop=\"http:\/\/schema.org\/image\" title=\"sitges3\" alt=\"sitges3\" style=\"width: 163px; height: 109px;\" \/> <\/a> <\/div> <\/div> <!-- close group --> <div class=\"gallery-group images-1\" style=\"width: 166px; height: 113px;\" data-original-width=\"166\" data-original-height=\"113\" > <div class=\"tiled-gallery-item tiled-gallery-item-small\" itemprop=\"associatedMedia\" itemscope itemtype=\"http:\/\/schema.org\/ImageObject\"> <a href=\"https:\/\/grup-maig.cat\/?attachment_id=5368\" border=\"0\" itemprop=\"url\"> <meta itemprop=\"width\" content=\"162\"> <meta itemprop=\"height\" content=\"109\"> <img decoding=\"async\" class=\"\" data-attachment-id=\"5368\" data-orig-file=\"https:\/\/grup-maig.cat\/wp-content\/uploads\/2017\/12\/PUNTS3.jpg\" data-orig-size=\"2048,1374\" data-comments-opened=\"1\" data-image-meta=\"{&quot;aperture&quot;:&quot;0&quot;,&quot;credit&quot;:&quot;&quot;,&quot;camera&quot;:&quot;&quot;,&quot;caption&quot;:&quot;&quot;,&quot;created_timestamp&quot;:&quot;0&quot;,&quot;copyright&quot;:&quot;&quot;,&quot;focal_length&quot;:&quot;0&quot;,&quot;iso&quot;:&quot;0&quot;,&quot;shutter_speed&quot;:&quot;0&quot;,&quot;title&quot;:&quot;&quot;,&quot;orientation&quot;:&quot;0&quot;}\" data-image-title=\"PUNTS3\" data-image-description=\"\" data-medium-file=\"https:\/\/grup-maig.cat\/wp-content\/uploads\/2017\/12\/PUNTS3-300x201.jpg\" data-large-file=\"https:\/\/grup-maig.cat\/wp-content\/uploads\/2017\/12\/PUNTS3-1024x687.jpg\" src=\"https:\/\/i0.wp.com\/grup-maig.cat\/wp-content\/uploads\/2017\/12\/PUNTS3.jpg?w=162&#038;h=109&#038;ssl=1\" srcset=\"https:\/\/grup-maig.cat\/wp-content\/uploads\/2017\/12\/PUNTS3.jpg 2048w, https:\/\/grup-maig.cat\/wp-content\/uploads\/2017\/12\/PUNTS3-300x201.jpg 300w, https:\/\/grup-maig.cat\/wp-content\/uploads\/2017\/12\/PUNTS3-768x515.jpg 768w, https:\/\/grup-maig.cat\/wp-content\/uploads\/2017\/12\/PUNTS3-1024x687.jpg 1024w, https:\/\/grup-maig.cat\/wp-content\/uploads\/2017\/12\/PUNTS3-150x101.jpg 150w, https:\/\/grup-maig.cat\/wp-content\/uploads\/2017\/12\/PUNTS3-400x268.jpg 400w\" width=\"162\" height=\"109\" loading=\"lazy\" data-original-width=\"162\" data-original-height=\"109\" itemprop=\"http:\/\/schema.org\/image\" title=\"PUNTS3\" alt=\"PUNTS3\" style=\"width: 162px; height: 109px;\" \/> <\/a> <\/div> <\/div> <!-- close group --> <\/div> <!-- close row --> <\/div>\n","protected":false},"excerpt":{"rendered":"<p>La Xiroia es va fundar el 1982\u00a0 com a colla infantil del Grup Sardanista Maig i des d&#8217;aleshores n&#8217;han format desenes de nens i nenes.Durant tots aquests anys ha obtingut molts bons resultats competitius. La colla Xiroia va celebrar el seu 40\u00e8 aniversari l&#8217;any 2022.\u00a0 El 2024 es va clasificar en 3r lloc en el [&hellip;]<\/p>\n","protected":false},"author":1,"featured_media":0,"parent":2,"menu_order":2,"comment_status":"open","ping_status":"closed","template":"","meta":{"footnotes":""},"class_list":["post-105","page","type-page","status-publish","hentry"],"jetpack_sharing_enabled":true,"jetpack_shortlink":"https:\/\/wp.me\/P1akHH-1H","_links":{"self":[{"href":"https:\/\/grup-maig.cat\/index.php?rest_route=\/wp\/v2\/pages\/105","targetHints":{"allow":["GET"]}}],"collection":[{"href":"https:\/\/grup-maig.cat\/index.php?rest_route=\/wp\/v2\/pages"}],"about":[{"href":"https:\/\/grup-maig.cat\/index.php?rest_route=\/wp\/v2\/types\/page"}],"author":[{"embeddable":true,"href":"https:\/\/grup-maig.cat\/index.php?rest_route=\/wp\/v2\/users\/1"}],"replies":[{"embeddable":true,"href":"https:\/\/grup-maig.cat\/index.php?rest_route=%2Fwp%2Fv2%2Fcomments&post=105"}],"version-history":[{"count":18,"href":"https:\/\/grup-maig.cat\/index.php?rest_route=\/wp\/v2\/pages\/105\/revisions"}],"predecessor-version":[{"id":7783,"href":"https:\/\/grup-maig.cat\/index.php?rest_route=\/wp\/v2\/pages\/105\/revisions\/7783"}],"up":[{"embeddable":true,"href":"https:\/\/grup-maig.cat\/index.php?rest_route=\/wp\/v2\/pages\/2"}],"wp:attachment":[{"href":"https:\/\/grup-maig.cat\/index.php?rest_route=%2Fwp%2Fv2%2Fmedia&parent=105"}],"curies":[{"name":"wp","href":"https:\/\/api.w.org\/{rel}","templated":true}]}}